{"id":6292,"date":"2026-01-19T18:01:01","date_gmt":"2026-01-19T18:01:01","guid":{"rendered":"https:\/\/heba-sport-tec.ch\/?post_type=product&#038;p=6292"},"modified":"2026-01-19T18:10:34","modified_gmt":"2026-01-19T18:10:34","slug":"snowglide-absaugadapter-af-c-new-fuer-kantenschleifmaschine-af-c","status":"publish","type":"product","link":"https:\/\/heba-sport-tec.ch\/it\/prodotto\/snowglide-absaugadapter-af-c-new-fuer-kantenschleifmaschine-af-c\/","title":{"rendered":"Snowglide Absaugadapter AF-C New f\u00fcr Kantenschleifmaschine AF-C"},"content":{"rendered":"<p>Der Snowglide Absaugadapter AF-C New wurde speziell f\u00fcr Snowglide AF-C Kantenschleifmaschinen ab Baujahr 2023 entwickelt (Seriennummer gr\u00f6\u00dfer als 2400).<br \/>\nEr erm\u00f6glicht den direkten Anschluss eines Staubsaugers und sorgt f\u00fcr eine saubere und staubarme Arbeitsumgebung beim professionellen Ski- und Snowboard-Service.<\/p>\n<p>Der Adapter wird direkt an den vorgesehenen Griffen der AF-C Maschine verschraubt und verf\u00fcgt \u00fcber ein M3-Gewinde, das eine sichere und stabile Montage gew\u00e4hrleistet.<br \/>\nEr ist ausgelegt f\u00fcr die Aufnahme eines standardisierten Staubsaugeranschlusses mit \u00d8 35 mm.<\/p>\n<p>Marke: Snowglide<\/p>\n<p>Passend f\u00fcr Snowglide AF-C Kantenschleifmaschinen ab Baujahr 2023<\/p>\n<p>Kompatibel ab Seriennummer > 2400<\/p>\n<p>M3-Gewinde zur direkten Verschraubung an den vorgesehenen Griffen<\/p>\n<p>Aufnahme f\u00fcr Staubsaugeranschluss \u00d8 35 mm (Standard)<\/p>\n<p>Reduziert Staub und Verschmutzung beim Kantenschleifen<\/p>\n<p>Ideal f\u00fcr professionelle Werkst\u00e4tten und Skiservice-Betriebe<\/p>","protected":false},"excerpt":{"rendered":"<p>Snowglide Absaugadapter AF-C New f\u00fcr AF-C Kantenschleifmaschinen ab Baujahr 2023. Passend f\u00fcr \u00d8 35 mm Staubsaugeranschl\u00fcsse.<\/p>","protected":false},"featured_media":6293,"template":"","meta":[],"product_brand":[482],"product_cat":[293,481,483],"product_tag":[],"class_list":{"0":"post-6292","1":"product","2":"type-product","3":"status-publish","4":"has-post-thumbnail","6":"product_brand-snowglide","7":"product_cat-kanten-waxandtools","8":"product_cat-elektrische-kantengeraete","9":"product_cat-snowglide","11":"first","12":"onbackorder","13":"taxable","14":"shipping-taxable","15":"purchasable","16":"product-type-simple"},"acf":[],"_links":{"self":[{"href":"https:\/\/heba-sport-tec.ch\/it\/wp-json\/wp\/v2\/product\/6292","targetHints":{"allow":["GET"]}}],"collection":[{"href":"https:\/\/heba-sport-tec.ch\/it\/wp-json\/wp\/v2\/product"}],"about":[{"href":"https:\/\/heba-sport-tec.ch\/it\/wp-json\/wp\/v2\/types\/product"}],"wp:featuredmedia":[{"embeddable":true,"href":"https:\/\/heba-sport-tec.ch\/it\/wp-json\/wp\/v2\/media\/6293"}],"wp:attachment":[{"href":"https:\/\/heba-sport-tec.ch\/it\/wp-json\/wp\/v2\/media?parent=6292"}],"wp:term":[{"taxonomy":"product_brand","embeddable":true,"href":"https:\/\/heba-sport-tec.ch\/it\/wp-json\/wp\/v2\/product_brand?post=6292"},{"taxonomy":"product_cat","embeddable":true,"href":"https:\/\/heba-sport-tec.ch\/it\/wp-json\/wp\/v2\/product_cat?post=6292"},{"taxonomy":"product_tag","embeddable":true,"href":"https:\/\/heba-sport-tec.ch\/it\/wp-json\/wp\/v2\/product_tag?post=6292"}],"curies":[{"name":"wp","href":"https:\/\/api.w.org\/{rel}","templated":true}]}}