{"id":6066,"date":"2025-12-17T20:54:52","date_gmt":"2025-12-17T20:54:52","guid":{"rendered":"https:\/\/heba-sport-tec.ch\/?post_type=product&#038;p=6066"},"modified":"2026-05-06T07:57:02","modified_gmt":"2026-05-06T07:57:02","slug":"350x2000","status":"publish","type":"product","link":"https:\/\/heba-sport-tec.ch\/it\/prodotto\/350x2000\/","title":{"rendered":"Belagschleifb\u00e4nder f\u00fcr Skiservice \u2013 Profi-Schleifb\u00e4nder f\u00fcr Steinschliff &#038; Finish Blau 350\u00d72000 100R"},"content":{"rendered":"<p>Die Belagschleifb\u00e4nder f\u00fcr den Skiservice sind hochwertige Profi-Schleifb\u00e4nder f\u00fcr den maschinellen Belagsschliff von Ski und Snowboards. Sie sind in verschiedenen Abmessungen und K\u00f6rnungen erh\u00e4ltlich und eignen sich ideal f\u00fcr Vorschliff, Zwischenschliff und Finish im professionellen Werkstatteinsatz.<\/p>\n<p>\u2705 F\u00fcr Ski- &#038; Snowboard-Belagsschliff<\/p>\n<p>\u2705 Verschiedene Bandabmessungen verf\u00fcgbar (z. B. 350 \u00d7 1300 mm)<\/p>\n<p>\u2705 Mehrere K\u00f6rnungen erh\u00e4ltlich (z. B. 100R, fein bis grob)<\/p>\n<p>\u2705 Hohe Standzeit &#038; gleichm\u00e4\u00dfiges Schliffbild<\/p>\n<p>\u2705 F\u00fcr professionelle Skiservice-Maschinen<\/p>\n<p>\u2705 Konstante Abtragsleistung<\/p>\n<p>\u2705 Ideal f\u00fcr Werkstatt &#038; Rennservice<\/p>","protected":false},"excerpt":{"rendered":"<p>Belagschleifband Ski, Skiservice Schleifband, Schleifband Skibelag, Steinschliff Band, Ski Schleifband Maschine, Snowboard Belag schleifen, Skiservice Zubeh\u00f6r<\/p>","protected":false},"featured_media":5127,"template":"","meta":[],"product_brand":[388],"product_cat":[389,464],"product_tag":[],"class_list":{"0":"post-6066","1":"product","2":"type-product","3":"status-publish","4":"has-post-thumbnail","6":"product_brand-heba","7":"product_cat-belag-baender-schleifen","8":"product_cat-heba","10":"first","11":"instock","12":"taxable","13":"shipping-taxable","14":"purchasable","15":"product-type-simple"},"acf":[],"_links":{"self":[{"href":"https:\/\/heba-sport-tec.ch\/it\/wp-json\/wp\/v2\/product\/6066","targetHints":{"allow":["GET"]}}],"collection":[{"href":"https:\/\/heba-sport-tec.ch\/it\/wp-json\/wp\/v2\/product"}],"about":[{"href":"https:\/\/heba-sport-tec.ch\/it\/wp-json\/wp\/v2\/types\/product"}],"wp:featuredmedia":[{"embeddable":true,"href":"https:\/\/heba-sport-tec.ch\/it\/wp-json\/wp\/v2\/media\/5127"}],"wp:attachment":[{"href":"https:\/\/heba-sport-tec.ch\/it\/wp-json\/wp\/v2\/media?parent=6066"}],"wp:term":[{"taxonomy":"product_brand","embeddable":true,"href":"https:\/\/heba-sport-tec.ch\/it\/wp-json\/wp\/v2\/product_brand?post=6066"},{"taxonomy":"product_cat","embeddable":true,"href":"https:\/\/heba-sport-tec.ch\/it\/wp-json\/wp\/v2\/product_cat?post=6066"},{"taxonomy":"product_tag","embeddable":true,"href":"https:\/\/heba-sport-tec.ch\/it\/wp-json\/wp\/v2\/product_tag?post=6066"}],"curies":[{"name":"wp","href":"https:\/\/api.w.org\/{rel}","templated":true}]}}