{"id":6048,"date":"2025-12-12T23:23:47","date_gmt":"2025-12-12T23:23:47","guid":{"rendered":"https:\/\/heba-sport-tec.ch\/?post_type=product&#038;p=6048"},"modified":"2025-12-12T23:26:52","modified_gmt":"2025-12-12T23:26:52","slug":"tooltronic-bindungspruef-geraet","status":"publish","type":"product","link":"https:\/\/heba-sport-tec.ch\/it\/prodotto\/tooltronic-bindungspruef-geraet\/","title":{"rendered":"Tooltronic Bindungspr\u00fcf Ger\u00e4t"},"content":{"rendered":"","protected":false},"excerpt":{"rendered":"<p>Letzter Pr\u00fcfungstest Sep. 2025<\/p>","protected":false},"featured_media":6045,"template":"","meta":[],"product_brand":[484],"product_cat":[447],"product_tag":[],"class_list":{"0":"post-6048","1":"product","2":"type-product","3":"status-publish","4":"has-post-thumbnail","6":"product_brand-tooltronic","7":"product_cat-occasionsmaschinen","9":"first","10":"instock","11":"taxable","12":"shipping-taxable","13":"purchasable","14":"product-type-simple"},"acf":[],"_links":{"self":[{"href":"https:\/\/heba-sport-tec.ch\/it\/wp-json\/wp\/v2\/product\/6048","targetHints":{"allow":["GET"]}}],"collection":[{"href":"https:\/\/heba-sport-tec.ch\/it\/wp-json\/wp\/v2\/product"}],"about":[{"href":"https:\/\/heba-sport-tec.ch\/it\/wp-json\/wp\/v2\/types\/product"}],"wp:featuredmedia":[{"embeddable":true,"href":"https:\/\/heba-sport-tec.ch\/it\/wp-json\/wp\/v2\/media\/6045"}],"wp:attachment":[{"href":"https:\/\/heba-sport-tec.ch\/it\/wp-json\/wp\/v2\/media?parent=6048"}],"wp:term":[{"taxonomy":"product_brand","embeddable":true,"href":"https:\/\/heba-sport-tec.ch\/it\/wp-json\/wp\/v2\/product_brand?post=6048"},{"taxonomy":"product_cat","embeddable":true,"href":"https:\/\/heba-sport-tec.ch\/it\/wp-json\/wp\/v2\/product_cat?post=6048"},{"taxonomy":"product_tag","embeddable":true,"href":"https:\/\/heba-sport-tec.ch\/it\/wp-json\/wp\/v2\/product_tag?post=6048"}],"curies":[{"name":"wp","href":"https:\/\/api.w.org\/{rel}","templated":true}]}}