{"id":5742,"date":"2025-11-24T22:22:32","date_gmt":"2025-11-24T22:22:32","guid":{"rendered":"https:\/\/heba-sport-tec.ch\/produkt\/quick-wax-quick-wax-cool-15-to-30f\/"},"modified":"2025-11-24T23:15:24","modified_gmt":"2025-11-24T23:15:24","slug":"quick-wax-quick-wax-cool-15-to-30f","status":"publish","type":"product","link":"https:\/\/heba-sport-tec.ch\/it\/prodotto\/quick-wax-quick-wax-cool-15-to-30f\/","title":{"rendered":"QUICK WAX Quick Wax &#8211; Cool    | 15 to 30F"},"content":{"rendered":"<p>Quick Wax \u2013 Schnelles, umweltfreundliches Fl\u00fcssigwachs f\u00fcr unterwegs Das Quick Wax ist die perfekte L\u00f6sung f\u00fcr alle, die ihr Ski- oder Snowboardmaterial schnell und unkompliziert wachsen m\u00f6chten \u2013 ganz ohne B\u00fcgeleisen. Einfach auftragen, kurz einwirken lassen und losfahren. Das Fl\u00fcssigwachs sorgt f\u00fcr sofortige Gleitverbesserung, sch\u00fctzt den Belag und funktioniert zuverl\u00e4ssig bei den meisten Schnee- und Temperaturbedingungen. Wie alle mountainFLOW Wachse ist auch Quick Wax fluorfrei, pflanzenbasiert und biologisch abbaubar \u2013 ideal f\u00fcr unterwegs, auf der Piste oder f\u00fcr den schnellen Service zwischendurch.<\/p>","protected":false},"excerpt":{"rendered":"<p>56 G<\/p>","protected":false},"featured_media":5769,"template":"","meta":[],"product_brand":[480],"product_cat":[330],"product_tag":[],"class_list":{"0":"post-5742","1":"product","2":"type-product","3":"status-publish","4":"has-post-thumbnail","6":"product_brand-mountain-flow","7":"product_cat-natural-wax-wax-waxandtools","9":"first","10":"instock","11":"taxable","12":"shipping-taxable","13":"purchasable","14":"product-type-simple"},"acf":[],"_links":{"self":[{"href":"https:\/\/heba-sport-tec.ch\/it\/wp-json\/wp\/v2\/product\/5742","targetHints":{"allow":["GET"]}}],"collection":[{"href":"https:\/\/heba-sport-tec.ch\/it\/wp-json\/wp\/v2\/product"}],"about":[{"href":"https:\/\/heba-sport-tec.ch\/it\/wp-json\/wp\/v2\/types\/product"}],"wp:featuredmedia":[{"embeddable":true,"href":"https:\/\/heba-sport-tec.ch\/it\/wp-json\/wp\/v2\/media\/5769"}],"wp:attachment":[{"href":"https:\/\/heba-sport-tec.ch\/it\/wp-json\/wp\/v2\/media?parent=5742"}],"wp:term":[{"taxonomy":"product_brand","embeddable":true,"href":"https:\/\/heba-sport-tec.ch\/it\/wp-json\/wp\/v2\/product_brand?post=5742"},{"taxonomy":"product_cat","embeddable":true,"href":"https:\/\/heba-sport-tec.ch\/it\/wp-json\/wp\/v2\/product_cat?post=5742"},{"taxonomy":"product_tag","embeddable":true,"href":"https:\/\/heba-sport-tec.ch\/it\/wp-json\/wp\/v2\/product_tag?post=5742"}],"curies":[{"name":"wp","href":"https:\/\/api.w.org\/{rel}","templated":true}]}}