{"id":5741,"date":"2025-11-24T22:22:32","date_gmt":"2025-11-24T22:22:32","guid":{"rendered":"https:\/\/heba-sport-tec.ch\/produkt\/hot-wax-backshop-skin-wax-rub-on\/"},"modified":"2025-12-17T14:08:00","modified_gmt":"2025-12-17T14:08:00","slug":"hot-wax-backshop-skin-wax-rub-on","status":"publish","type":"product","link":"https:\/\/heba-sport-tec.ch\/it\/prodotto\/hot-wax-backshop-skin-wax-rub-on\/","title":{"rendered":"HOT WAX &#8211; BACKSHOP Skin Wax (Rub-on)"},"content":{"rendered":"<p>Race &amp; Performance \u2013 Hochwertige, fluorfrei Skiwachse f\u00fcr maximale Gleitf\u00e4higkeit Die Race und Performance Wachse bieten h\u00f6chste Qualit\u00e4t f\u00fcr Training, Alltag und Wettkampf. Beide Modelle sind vollst\u00e4ndig fluorfrei, pflanzenbasiert und biologisch abbaubar \u2013 f\u00fcr maximale Performance bei gleichzeitig bester Umweltvertr\u00e4glichkeit. Das Race Wachs liefert extrem schnelle Gleitwerte und maximale Haltbarkeit \u2013 ideal f\u00fcr Rennen und anspruchsvolle Bedingungen. Das Performance Wachs ist der perfekte Allrounder f\u00fcr den t\u00e4glichen Einsatz und sorgt f\u00fcr stabile Gleitperformance bei verschiedensten Schnee- und Temperaturbedingungen. Dank der exklusiven Ceramic Nanotechnology von mountainFLOW \u00fcberzeugen beide Wachse durch hervorragende Gleitf\u00e4higkeit, lange Standzeit und zuverl\u00e4ssige Performance.<\/p>","protected":false},"excerpt":{"rendered":"<p>56 G<\/p>","protected":false},"featured_media":5768,"template":"","meta":[],"product_brand":[480],"product_cat":[359],"product_tag":[],"class_list":{"0":"post-5741","1":"product","2":"type-product","3":"status-publish","4":"has-post-thumbnail","6":"product_brand-mountain-flow","7":"product_cat-skitourwax-wax-waxandtools","9":"first","10":"onbackorder","11":"taxable","12":"shipping-taxable","13":"purchasable","14":"product-type-simple"},"acf":[],"_links":{"self":[{"href":"https:\/\/heba-sport-tec.ch\/it\/wp-json\/wp\/v2\/product\/5741","targetHints":{"allow":["GET"]}}],"collection":[{"href":"https:\/\/heba-sport-tec.ch\/it\/wp-json\/wp\/v2\/product"}],"about":[{"href":"https:\/\/heba-sport-tec.ch\/it\/wp-json\/wp\/v2\/types\/product"}],"wp:featuredmedia":[{"embeddable":true,"href":"https:\/\/heba-sport-tec.ch\/it\/wp-json\/wp\/v2\/media\/5768"}],"wp:attachment":[{"href":"https:\/\/heba-sport-tec.ch\/it\/wp-json\/wp\/v2\/media?parent=5741"}],"wp:term":[{"taxonomy":"product_brand","embeddable":true,"href":"https:\/\/heba-sport-tec.ch\/it\/wp-json\/wp\/v2\/product_brand?post=5741"},{"taxonomy":"product_cat","embeddable":true,"href":"https:\/\/heba-sport-tec.ch\/it\/wp-json\/wp\/v2\/product_cat?post=5741"},{"taxonomy":"product_tag","embeddable":true,"href":"https:\/\/heba-sport-tec.ch\/it\/wp-json\/wp\/v2\/product_tag?post=5741"}],"curies":[{"name":"wp","href":"https:\/\/api.w.org\/{rel}","templated":true}]}}