{"id":5727,"date":"2025-11-24T22:22:31","date_gmt":"2025-11-24T22:22:31","guid":{"rendered":"https:\/\/heba-sport-tec.ch\/produkt\/peformance-warm-wax-7-to-2c\/"},"modified":"2026-02-13T08:29:25","modified_gmt":"2026-02-13T08:29:25","slug":"peformance-warm-wax-7-to-2c","status":"publish","type":"product","link":"https:\/\/heba-sport-tec.ch\/it\/prodotto\/peformance-warm-wax-7-to-2c\/","title":{"rendered":"PEFORMANCE Warm Wax      | -7 to 2C"},"content":{"rendered":"<p>Performance Wachs \u2013 starke Gleitperformance, hohe Haltbarkeit &amp; umweltfreundliche Formel Unser Performance Wachs \u00fcberzeugt mit hervorragender Gleitf\u00e4higkeit, Langlebigkeit und einer gleichm\u00e4ssigen Performance bei verschiedensten Schnee- und Temperaturbedingungen. Gleichzeitig ist es vollst\u00e4ndig umweltfreundlich und biologisch abbaubar. PROPRI\u00c4R &amp; INNOVATIV Formuliert mit der exklusiven Ceramic Nanotechnology von mountainFLOW \u2013 f\u00fcr optimale Gleiteigenschaften und hohe Best\u00e4ndigkeit. UMWELTSICHER Pflanzenbasiert, fluorfrei und frei von sch\u00e4dlichen Zusatzstoffen. Die nachhaltige Wahl f\u00fcr ambitionierte Fahrerinnen und Fahrer. OPTIMIERTE FORMEL Umfassend getestet und entwickelt f\u00fcr eine starke, gleichm\u00e4ssige Performance \u2013 ideal f\u00fcr Training, Alltagsfahrten und sportliche Eins\u00e4tze.<\/p>","protected":false},"excerpt":{"rendered":"<p>130 Grams<\/p>","protected":false},"featured_media":5773,"template":"","meta":[],"product_brand":[480],"product_cat":[364],"product_tag":[],"class_list":{"0":"post-5727","1":"product","2":"type-product","3":"status-publish","4":"has-post-thumbnail","6":"product_brand-mountain-flow","7":"product_cat-performance-wax-waxandtools","9":"first","10":"onbackorder","11":"taxable","12":"shipping-taxable","13":"purchasable","14":"product-type-simple"},"acf":[],"_links":{"self":[{"href":"https:\/\/heba-sport-tec.ch\/it\/wp-json\/wp\/v2\/product\/5727","targetHints":{"allow":["GET"]}}],"collection":[{"href":"https:\/\/heba-sport-tec.ch\/it\/wp-json\/wp\/v2\/product"}],"about":[{"href":"https:\/\/heba-sport-tec.ch\/it\/wp-json\/wp\/v2\/types\/product"}],"wp:featuredmedia":[{"embeddable":true,"href":"https:\/\/heba-sport-tec.ch\/it\/wp-json\/wp\/v2\/media\/5773"}],"wp:attachment":[{"href":"https:\/\/heba-sport-tec.ch\/it\/wp-json\/wp\/v2\/media?parent=5727"}],"wp:term":[{"taxonomy":"product_brand","embeddable":true,"href":"https:\/\/heba-sport-tec.ch\/it\/wp-json\/wp\/v2\/product_brand?post=5727"},{"taxonomy":"product_cat","embeddable":true,"href":"https:\/\/heba-sport-tec.ch\/it\/wp-json\/wp\/v2\/product_cat?post=5727"},{"taxonomy":"product_tag","embeddable":true,"href":"https:\/\/heba-sport-tec.ch\/it\/wp-json\/wp\/v2\/product_tag?post=5727"}],"curies":[{"name":"wp","href":"https:\/\/api.w.org\/{rel}","templated":true}]}}