{"id":5453,"date":"2025-11-17T16:54:06","date_gmt":"2025-11-17T16:54:06","guid":{"rendered":"https:\/\/heba-sport-tec.ch\/?post_type=product&#038;p=5453"},"modified":"2025-11-19T12:56:14","modified_gmt":"2025-11-19T12:56:14","slug":"workshop-base-repair-white","status":"publish","type":"product","link":"https:\/\/heba-sport-tec.ch\/it\/prodotto\/workshop-base-repair-white\/","title":{"rendered":"Workshop Base Repair White"},"content":{"rendered":"<ul>\n<li>\n<h1 data-start=\"326\" data-end=\"403\"><strong data-start=\"328\" data-end=\"403\">Eiselin Ski Base Repair \u2013 Professionelles Ski- &amp; Snowboard Reparaturset<\/strong><\/h1>\n<h3 data-start=\"405\" data-end=\"488\"><strong data-start=\"409\" data-end=\"488\">Das weltweit einzigartige Set zur schnellen und dauerhaften Belagsreparatur<\/strong><\/h3>\n<p data-start=\"490\" data-end=\"739\">Mit dem <strong data-start=\"498\" data-end=\"529\">Eiselin Ski Base Repair Set<\/strong> reparierst du Ski- und Snowboardbel\u00e4ge schneller, einfacher und haltbarer als mit herk\u00f6mmlichem P-Tex. Ideal f\u00fcr alle, die <strong data-start=\"653\" data-end=\"708\">tiefe Kratzer, Rillen oder Belagssch\u00e4den reparieren<\/strong> m\u00f6chten \u2013 ganz ohne Werkstatt.<\/p>\n<hr data-start=\"741\" data-end=\"744\" \/>\n<h2 data-start=\"746\" data-end=\"790\"><strong data-start=\"749\" data-end=\"790\">Perfekte Reparatur in nur 60 Sekunden<\/strong><\/h2>\n<p data-start=\"791\" data-end=\"816\">Einfacher geht\u2019s nicht:<\/p>\n<ol data-start=\"817\" data-end=\"1002\">\n<li data-start=\"817\" data-end=\"875\">\n<p data-start=\"820\" data-end=\"875\"><strong data-start=\"820\" data-end=\"836\">Belagspulver<\/strong> in den Kratzer streuen und andr\u00fccken<\/p>\n<\/li>\n<li data-start=\"876\" data-end=\"922\">\n<p data-start=\"879\" data-end=\"922\"><strong data-start=\"879\" data-end=\"903\">Spezial-Belagskleber<\/strong> dar\u00fcber tr\u00e4ufeln<\/p>\n<\/li>\n<li data-start=\"923\" data-end=\"949\">\n<p data-start=\"926\" data-end=\"949\">Sofort glatt abziehen<\/p>\n<\/li>\n<li data-start=\"950\" data-end=\"1002\">\n<p data-start=\"953\" data-end=\"1002\"><strong data-start=\"953\" data-end=\"1002\">Fertig \u2013 Ski &amp; Snowboard wieder einsatzbereit<\/strong><\/p>\n<\/li>\n<\/ol>\n<p data-start=\"1004\" data-end=\"1124\">Dieses System erm\u00f6glicht eine <strong data-start=\"1034\" data-end=\"1088\">extrem schnelle und professionelle Belagsreparatur<\/strong>, ideal f\u00fcr unterwegs oder zu Hause.<\/p>\n<hr data-start=\"1126\" data-end=\"1129\" \/>\n<h2 data-start=\"1131\" data-end=\"1209\"><strong data-start=\"1134\" data-end=\"1209\">Warum dieses Reparaturset? \u2013 Original Skibelagsmaterial mit Top-Haftung<\/strong><\/h2>\n<p data-start=\"1211\" data-end=\"1307\">Das Set verwendet <strong data-start=\"1229\" data-end=\"1261\">originales Skibelagsmaterial<\/strong>, kein einfaches P-Tex. Dadurch erh\u00e4ltst du:<\/p>\n<ul data-start=\"1308\" data-end=\"1540\">\n<li data-start=\"1308\" data-end=\"1331\">\n<p data-start=\"1310\" data-end=\"1331\">H\u00f6chste <strong data-start=\"1318\" data-end=\"1329\">Haftung<\/strong><\/p>\n<\/li>\n<li data-start=\"1332\" data-end=\"1369\">\n<p data-start=\"1334\" data-end=\"1369\">Maximale <strong data-start=\"1343\" data-end=\"1367\">H\u00e4rte &amp; Flexibilit\u00e4t<\/strong><\/p>\n<\/li>\n<li data-start=\"1370\" data-end=\"1418\">\n<p data-start=\"1372\" data-end=\"1418\">Sehr gute <strong data-start=\"1382\" data-end=\"1416\">Wachsaufnahme &amp; Gleitf\u00e4higkeit<\/strong><\/p>\n<\/li>\n<li data-start=\"1419\" data-end=\"1487\">\n<p data-start=\"1421\" data-end=\"1487\"><strong data-start=\"1421\" data-end=\"1454\">Dauerhaft stabile Reparaturen<\/strong> ohne Risse oder Herausbr\u00f6ckeln<\/p>\n<\/li>\n<li data-start=\"1488\" data-end=\"1540\">\n<p data-start=\"1490\" data-end=\"1540\">Perfekte Verbindung zu Kernmaterial &amp; Metallkanten<\/p>\n<\/li>\n<\/ul>\n<p data-start=\"1542\" data-end=\"1692\">Die patentierte Formulierung l\u00f6st eine <strong data-start=\"1581\" data-end=\"1622\">chemische Reaktion in der Flickstelle<\/strong> aus, die den Reparaturbereich dauerhaft fest mit dem Belag verbindet.<\/p>\n<hr data-start=\"1694\" data-end=\"1697\" \/>\n<h2 data-start=\"1699\" data-end=\"1733\"><strong data-start=\"1702\" data-end=\"1733\">Extrem ergiebig &amp; langlebig<\/strong><\/h2>\n<ul data-start=\"1734\" data-end=\"1917\">\n<li data-start=\"1734\" data-end=\"1768\">\n<p data-start=\"1736\" data-end=\"1768\">Grosse <strong data-start=\"1743\" data-end=\"1766\">10-ml-Kleberflasche<\/strong><\/p>\n<\/li>\n<li data-start=\"1769\" data-end=\"1821\">\n<p data-start=\"1771\" data-end=\"1821\">Reicht f\u00fcr <strong data-start=\"1782\" data-end=\"1819\">mindestens 40 tiefe Belagskratzer<\/strong><\/p>\n<\/li>\n<li data-start=\"1822\" data-end=\"1850\">\n<p data-start=\"1824\" data-end=\"1850\">Kleber trocknet kaum aus<\/p>\n<\/li>\n<li data-start=\"1851\" data-end=\"1917\">\n<p data-start=\"1853\" data-end=\"1917\"><strong data-start=\"1853\" data-end=\"1890\">Bestes Preis-Leistungs-Verh\u00e4ltnis<\/strong> im Bereich Belagsreparatur<\/p>\n<\/li>\n<\/ul>\n<p data-start=\"1919\" data-end=\"1991\">Ideal f\u00fcr alle, die regelm\u00e4ssig <strong data-start=\"1951\" data-end=\"1990\">Ski oder Snowboard Belag ausbessern<\/strong>.<\/p>\n<hr data-start=\"1993\" data-end=\"1996\" \/>\n<h2 data-start=\"1998\" data-end=\"2044\"><strong data-start=\"2001\" data-end=\"2044\">Schweizer Qualit\u00e4t \u2013 Perfekt abgestimmt<\/strong><\/h2>\n<p data-start=\"2045\" data-end=\"2241\">Das Belagspulver wird in der <strong data-start=\"2074\" data-end=\"2085\">Schweiz<\/strong> unter strengsten Qualit\u00e4tskontrollen hergestellt. Der Kleber ist exakt darauf abgestimmt \u2013 f\u00fcr konstant beste Reparaturergebnisse und maximale Haltbarkeit.<\/p>\n<hr data-start=\"2243\" data-end=\"2246\" \/>\n<h2 data-start=\"2248\" data-end=\"2265\"><strong data-start=\"2251\" data-end=\"2265\">Ideal f\u00fcr:<\/strong><\/h2>\n<ul data-start=\"2266\" data-end=\"2472\">\n<li data-start=\"2266\" data-end=\"2294\">\n<p data-start=\"2268\" data-end=\"2294\"><strong data-start=\"2268\" data-end=\"2292\">Ski Belag reparieren<\/strong><\/p>\n<\/li>\n<li data-start=\"2295\" data-end=\"2329\">\n<p data-start=\"2297\" data-end=\"2329\"><strong data-start=\"2297\" data-end=\"2327\">Snowboard Belag ausbessern<\/strong><\/p>\n<\/li>\n<li data-start=\"2330\" data-end=\"2363\">\n<p data-start=\"2332\" data-end=\"2363\"><strong data-start=\"2332\" data-end=\"2361\">Tiefe Kratzer im Skibelag<\/strong><\/p>\n<\/li>\n<li data-start=\"2364\" data-end=\"2395\">\n<p data-start=\"2366\" data-end=\"2395\"><strong data-start=\"2366\" data-end=\"2393\">Belagsreparatur zuhause<\/strong><\/p>\n<\/li>\n<li data-start=\"2396\" data-end=\"2431\">\n<p data-start=\"2398\" data-end=\"2431\"><strong data-start=\"2398\" data-end=\"2429\">Professionelles Base Repair<\/strong><\/p>\n<\/li>\n<li data-start=\"2432\" data-end=\"2472\">\n<p data-start=\"2434\" data-end=\"2472\"><strong data-start=\"2434\" data-end=\"2472\">Werkst\u00e4tten &amp; ambitionierte Fahrer<\/strong><\/p>\n<\/li>\n<\/ul>\n<\/li>\n<\/ul>","protected":false},"excerpt":{"rendered":"<p>1 Set bestehend aus:<br \/>\n&#8211; 1 Flasche Eiselin Reaktives Polyethylen Weisses Belagspulver (250 ml)<br \/>\n+<br \/>\n&#8211; 12 Flaschen Eiselin Reaktive Belagsfl\u00fcssigkeit (10ml)<\/p>","protected":false},"featured_media":4372,"template":"","meta":[],"product_brand":[409],"product_cat":[376,460],"product_tag":[],"class_list":{"0":"post-5453","1":"product","2":"type-product","3":"status-publish","4":"has-post-thumbnail","6":"product_brand-eiselin","7":"product_cat-belagreparatur-belag-waxandtools","8":"product_cat-eiselin","10":"first","11":"instock","12":"taxable","13":"shipping-taxable","14":"purchasable","15":"product-type-simple"},"acf":[],"_links":{"self":[{"href":"https:\/\/heba-sport-tec.ch\/it\/wp-json\/wp\/v2\/product\/5453","targetHints":{"allow":["GET"]}}],"collection":[{"href":"https:\/\/heba-sport-tec.ch\/it\/wp-json\/wp\/v2\/product"}],"about":[{"href":"https:\/\/heba-sport-tec.ch\/it\/wp-json\/wp\/v2\/types\/product"}],"wp:featuredmedia":[{"embeddable":true,"href":"https:\/\/heba-sport-tec.ch\/it\/wp-json\/wp\/v2\/media\/4372"}],"wp:attachment":[{"href":"https:\/\/heba-sport-tec.ch\/it\/wp-json\/wp\/v2\/media?parent=5453"}],"wp:term":[{"taxonomy":"product_brand","embeddable":true,"href":"https:\/\/heba-sport-tec.ch\/it\/wp-json\/wp\/v2\/product_brand?post=5453"},{"taxonomy":"product_cat","embeddable":true,"href":"https:\/\/heba-sport-tec.ch\/it\/wp-json\/wp\/v2\/product_cat?post=5453"},{"taxonomy":"product_tag","embeddable":true,"href":"https:\/\/heba-sport-tec.ch\/it\/wp-json\/wp\/v2\/product_tag?post=5453"}],"curies":[{"name":"wp","href":"https:\/\/api.w.org\/{rel}","templated":true}]}}