{"id":4927,"date":"2025-09-10T22:04:44","date_gmt":"2025-09-10T22:04:44","guid":{"rendered":"https:\/\/heba-sport-tec.ch\/produkt\/aqua-speed\/"},"modified":"2025-11-19T12:56:13","modified_gmt":"2025-11-19T12:56:13","slug":"aqua-speed","status":"publish","type":"product","link":"https:\/\/heba-sport-tec.ch\/it\/prodotto\/aqua-speed\/","title":{"rendered":"Aqua Speed"},"content":{"rendered":"","protected":false},"excerpt":{"rendered":"<p>Hochleistungsbeschichtung. Die ultimative Beschichtung gegen Reibungsverluste und Verunreinigungen am Rumpf.<br \/>\nAquaspeed ist ein unverzichtbarer Begleiter f\u00fcr Regatten und reduziert die Oberfl\u00e4chenreibung zwischen der Rumpfverkleidung und dem Wasser um bis zu 45 % (Daten best\u00e4tigt durch Experimente<br \/>\nim Windkanal der Technischen Universit\u00e4t M\u00fcnchen). Mit Aquaspeed k\u00f6nnen Sie sicher sein, dass Sie die Leistung des Rumpfes 7 Tage lang<br \/>\nnach dem Auftragen optimieren, eine gr\u00fcndliche Reinigung des Kiels vor der Veranstaltung gew\u00e4hrleisten und die Verschmutzung im Unterwasserbereich w\u00e4hrend der Zeit, in der sich der Rumpf im Wasser befindet, reduzieren.<br \/>\nAquaspeed ist sehr einfach aufzutragen und kann auch auf Surfbrettern, Wasserskiern und Kiteboards verwendet werden. Eine 250-ml-Packung reicht f\u00fcr 40 Quadratmeter.<\/p>\n<p>Das Produkt ist l\u00f6sungsmittelbasiert.<\/p>\n<p>&#8211; Reduzierung der Oberfl\u00e4chenreibung zwischen Rumpfverkleidung und Wasser um bis zu 45 %<br \/>\n&#8211; Vor\u00fcbergehende Reduzierung von Verkrustungen im Unterwasserbereich<br \/>\n&#8211; Bessere Reinigung von Kielbooten w\u00e4hrend der Regatten<br \/>\n&#8211; Optimierte Rumpfleistung w\u00e4hrend der Regatten<\/p>\n<p>&nbsp;<\/p>\n<p>&nbsp;<\/p>\n<p>250ml<\/p>","protected":false},"featured_media":4979,"template":"","meta":[],"product_brand":[446],"product_cat":[445,471],"product_tag":[],"class_list":{"0":"post-4927","1":"product","2":"type-product","3":"status-publish","4":"has-post-thumbnail","6":"product_brand-nanoprom","7":"product_cat-nautic-pflegeundreinigung","8":"product_cat-nanoprom","10":"first","11":"instock","12":"taxable","13":"shipping-taxable","14":"purchasable","15":"product-type-simple"},"acf":[],"_links":{"self":[{"href":"https:\/\/heba-sport-tec.ch\/it\/wp-json\/wp\/v2\/product\/4927","targetHints":{"allow":["GET"]}}],"collection":[{"href":"https:\/\/heba-sport-tec.ch\/it\/wp-json\/wp\/v2\/product"}],"about":[{"href":"https:\/\/heba-sport-tec.ch\/it\/wp-json\/wp\/v2\/types\/product"}],"wp:featuredmedia":[{"embeddable":true,"href":"https:\/\/heba-sport-tec.ch\/it\/wp-json\/wp\/v2\/media\/4979"}],"wp:attachment":[{"href":"https:\/\/heba-sport-tec.ch\/it\/wp-json\/wp\/v2\/media?parent=4927"}],"wp:term":[{"taxonomy":"product_brand","embeddable":true,"href":"https:\/\/heba-sport-tec.ch\/it\/wp-json\/wp\/v2\/product_brand?post=4927"},{"taxonomy":"product_cat","embeddable":true,"href":"https:\/\/heba-sport-tec.ch\/it\/wp-json\/wp\/v2\/product_cat?post=4927"},{"taxonomy":"product_tag","embeddable":true,"href":"https:\/\/heba-sport-tec.ch\/it\/wp-json\/wp\/v2\/product_tag?post=4927"}],"curies":[{"name":"wp","href":"https:\/\/api.w.org\/{rel}","templated":true}]}}