{"id":4926,"date":"2025-09-10T22:04:44","date_gmt":"2025-09-10T22:04:44","guid":{"rendered":"https:\/\/heba-sport-tec.ch\/produkt\/sport-polish\/"},"modified":"2025-11-19T12:56:13","modified_gmt":"2025-11-19T12:56:13","slug":"sport-polish","status":"publish","type":"product","link":"https:\/\/heba-sport-tec.ch\/it\/prodotto\/sport-polish\/","title":{"rendered":"Sport Polish"},"content":{"rendered":"","protected":false},"excerpt":{"rendered":"<p>\u201eLeicht zu reinigende\u201c Beschichtung und Reiniger f\u00fcr Rumpf und Deck.<br \/>\nDer Bestseller der gesamten Aquatic-Produktreihe ist Sport Polish, eine nicht aggressive Politur, die Gelcoats und Lacke gleichzeitig reinigt und sch\u00fctzt. Kann<br \/>\n(von Hand mit einem Mikrofasertuch oder mit einer langsam laufenden Exzenterschleifmaschine und einem weichen Pad) sowohl zur Auffrischung von Gelcoat oder lackierten Oberfl\u00e4chen als auch<br \/>\nzum Schutz und zur Verl\u00e4ngerung der Vorteile einer mit herk\u00f6mmlichen Produkten durchgef\u00fchrten Politur verwendet werden, da Nanopartikel dabei helfen, Schmutz zu entfernen,<br \/>\neinen Schutzschild gegen UV-Strahlen bilden und Wasser und Schmutz besser von den behandelten Teilen abperlen lassen.<\/p>\n<p>ALL-in-ONE-Beschichtung f\u00fcr Rumpf und Deck, die<br \/>\n&#8211; als Reiniger den Rumpf s\u00e4ubert<br \/>\n&#8211; als Poliermittel eine glatte Oberfl\u00e4che schafft<br \/>\n&#8211; als Versiegelung optimalen Schutz bietet<br \/>\nUV-stabil auf der Oberfl\u00e4che<br \/>\n&#8211; Kann auf Gelcoats, Lacken, Carbon und Metallen angewendet werden<br \/>\n&#8211; Reinigt ohne aggressive Reinigungsmittel<br \/>\n&#8211; Sch\u00fctzt dank seiner Nanostruktur die Oberfl\u00e4che<\/p>\n<p>&nbsp;<\/p>\n<p>250ml<\/p>","protected":false},"featured_media":4980,"template":"","meta":[],"product_brand":[446],"product_cat":[445,471],"product_tag":[],"class_list":{"0":"post-4926","1":"product","2":"type-product","3":"status-publish","4":"has-post-thumbnail","6":"product_brand-nanoprom","7":"product_cat-nautic-pflegeundreinigung","8":"product_cat-nanoprom","10":"first","11":"instock","12":"taxable","13":"shipping-taxable","14":"purchasable","15":"product-type-simple"},"acf":[],"_links":{"self":[{"href":"https:\/\/heba-sport-tec.ch\/it\/wp-json\/wp\/v2\/product\/4926","targetHints":{"allow":["GET"]}}],"collection":[{"href":"https:\/\/heba-sport-tec.ch\/it\/wp-json\/wp\/v2\/product"}],"about":[{"href":"https:\/\/heba-sport-tec.ch\/it\/wp-json\/wp\/v2\/types\/product"}],"wp:featuredmedia":[{"embeddable":true,"href":"https:\/\/heba-sport-tec.ch\/it\/wp-json\/wp\/v2\/media\/4980"}],"wp:attachment":[{"href":"https:\/\/heba-sport-tec.ch\/it\/wp-json\/wp\/v2\/media?parent=4926"}],"wp:term":[{"taxonomy":"product_brand","embeddable":true,"href":"https:\/\/heba-sport-tec.ch\/it\/wp-json\/wp\/v2\/product_brand?post=4926"},{"taxonomy":"product_cat","embeddable":true,"href":"https:\/\/heba-sport-tec.ch\/it\/wp-json\/wp\/v2\/product_cat?post=4926"},{"taxonomy":"product_tag","embeddable":true,"href":"https:\/\/heba-sport-tec.ch\/it\/wp-json\/wp\/v2\/product_tag?post=4926"}],"curies":[{"name":"wp","href":"https:\/\/api.w.org\/{rel}","templated":true}]}}