{"id":3981,"date":"2025-08-19T21:55:45","date_gmt":"2025-08-19T21:55:45","guid":{"rendered":"https:\/\/heba-sport-tec.ch\/produkt\/heiss-wachsmaschine\/"},"modified":"2025-11-19T12:56:09","modified_gmt":"2025-11-19T12:56:09","slug":"heiss-wachsmaschine","status":"publish","type":"product","link":"https:\/\/heba-sport-tec.ch\/it\/prodotto\/heiss-wachsmaschine\/","title":{"rendered":"Heiss-Wachsmaschine"},"content":{"rendered":"<p>Waxen und B\u00fcrsten, 95 kg<\/p>","protected":false},"excerpt":{"rendered":"<p>Die SC350 &#8211; R40 Acewax Hei\u00dfwachsmaschine f\u00fcr Ski und Snowboards, komplett mit B\u00fcrste, zeichnet sich durch ihre einfache und schnelle<br \/>\nBedienung aus.<br \/>\nDank ihrer Eigenschaften ist diese Wachsmaschine sowohl f\u00fcr Werkst\u00e4tten als auch f\u00fcr Verleihbetriebe unverzichtbar.<br \/>\nAusgestattet mit einem motorisierten Widerstand (2500 W), der \u00fcber den neuen Temperaturregler einstellbar ist, und einem Ventilator, der die neue Wachstrommel erw\u00e4rmt<br \/>\n.<br \/>\nAufgrund ihrer einzigartigen Eigenschaften, ihrer Leistung und ihres sehr wettbewerbsf\u00e4higen Preises richtet sich die SC350 an den mittleren bis hohen<br \/>\nQualit\u00e4tssegment des Wintersportmarktes.<\/p>\n<p>OPTIONALES ZUBEH\u00d6R: SC350C-Wagen mit selbstsichernden Rollen<br \/>\nEigenschaften:<br \/>\n1-Einfach zu bedienen;<br \/>\n2-Geringerer Verbrauch von Skiwachs w\u00e4hrend der Bearbeitung;<br \/>\n3-Extrem geringe Dampfentwicklung;<br \/>\n4-Verk\u00fcrzte Wachszeiten f\u00fcr Ski und Snowboard.<\/p>\n<p>Technische Daten:<br \/>\nMaschinenabmessungen: 510 x 600 x 380 mm (H);<br \/>\nSpannung: 230\/50;<br \/>\nGesamtstromverbrauch: 2,37 kW;<br \/>\nHeizelement: 2500 W;<br \/>\nTemperatur: variabel von 0 \u00b0C bis 93 \u00b0C<br \/>\nAbmessungen des Bandes: 472 x 340;<br \/>\nGewicht: 65 kg;<br \/>\nAbmessungen des Schlittens: 520 x 520 x 630 h;<br \/>\nGewicht: 19 kg.<\/p>\n<p>Zubeh\u00f6r:<br \/>\nNylon- oder Scotch-Brite-B\u00fcrsten;<br \/>\n1 kg Skiwachsbrocken;<br \/>\nScotch-Brite-H\u00fclsen;<br \/>\nSchlitten.<\/p>","protected":false},"featured_media":0,"template":"","meta":[],"product_brand":[396],"product_cat":[397,474],"product_tag":[],"class_list":{"0":"post-3981","1":"product","2":"type-product","3":"status-publish","5":"product_brand-roffb","6":"product_cat-waxen-skiservice-maschinen","7":"product_cat-roffb","9":"first","10":"instock","11":"taxable","12":"shipping-taxable","13":"product-type-simple"},"acf":[],"_links":{"self":[{"href":"https:\/\/heba-sport-tec.ch\/it\/wp-json\/wp\/v2\/product\/3981","targetHints":{"allow":["GET"]}}],"collection":[{"href":"https:\/\/heba-sport-tec.ch\/it\/wp-json\/wp\/v2\/product"}],"about":[{"href":"https:\/\/heba-sport-tec.ch\/it\/wp-json\/wp\/v2\/types\/product"}],"wp:attachment":[{"href":"https:\/\/heba-sport-tec.ch\/it\/wp-json\/wp\/v2\/media?parent=3981"}],"wp:term":[{"taxonomy":"product_brand","embeddable":true,"href":"https:\/\/heba-sport-tec.ch\/it\/wp-json\/wp\/v2\/product_brand?post=3981"},{"taxonomy":"product_cat","embeddable":true,"href":"https:\/\/heba-sport-tec.ch\/it\/wp-json\/wp\/v2\/product_cat?post=3981"},{"taxonomy":"product_tag","embeddable":true,"href":"https:\/\/heba-sport-tec.ch\/it\/wp-json\/wp\/v2\/product_tag?post=3981"}],"curies":[{"name":"wp","href":"https:\/\/api.w.org\/{rel}","templated":true}]}}