{"id":3980,"date":"2025-08-19T21:55:45","date_gmt":"2025-08-19T21:55:45","guid":{"rendered":"https:\/\/heba-sport-tec.ch\/produkt\/seitenkanten-schleifmaschine-2\/"},"modified":"2025-11-19T12:56:09","modified_gmt":"2025-11-19T12:56:09","slug":"seitenkanten-schleifmaschine-2","status":"publish","type":"product","link":"https:\/\/heba-sport-tec.ch\/it\/prodotto\/seitenkanten-schleifmaschine-2\/","title":{"rendered":"Seitenkanten-Schleifmaschine"},"content":{"rendered":"<p>Ceramic Disc 150&#215;40,<\/p>","protected":false},"excerpt":{"rendered":"<p>Diese neue kleine und kompakte Maschine arbeitet mit Keramikscheiben anstelle herk\u00f6mmlicher Schleifb\u00e4nder und erm\u00f6glicht so eine sehr feine Bearbeitung der seitlichen Skikanten. Der Bediener kann zwischen 90\u00b0 und 86\u00b0 w\u00e4hlen und mit allen auf dem Markt erh\u00e4ltlichen Skitypen arbeiten.<\/p>\n<p>Diese Maschine arbeitet mit Wasser mittels einer Pumpe mit geschlossenem Kreislauf, der Wassertank ist herausnehmbar und verf\u00fcgt \u00fcber einen speziellen Filter zur Schmutzr\u00fcckgewinnung.<\/p>\n<p>TECHNISCHE DATEN:<\/p>\n<p>MOTOREN: KW 0,37 230\/400 V 50\/60 Hz<br \/>\nPUMPE: Kw 0,11<br \/>\nTANKINHALT: 7 l<br \/>\nSTEINABMESSUNGEN: \u00f8 150&#215;40 mm<br \/>\nSPANNUNG: 3&#215;230\/400 V 50\/60 Hz &#8211; 1&#215;230 V 50\/60 Hz<br \/>\nGEWICHT: 60 kg<br \/>\nGESAMTLEISTUNGSAUFNAHME: 0,48 kW<br \/>\nABMESSUNGEN DER MASCHINE: 110x48x60 mm<\/p>","protected":false},"featured_media":4984,"template":"","meta":[],"product_brand":[396],"product_cat":[393,474],"product_tag":[],"class_list":{"0":"post-3980","1":"product","2":"type-product","3":"status-publish","4":"has-post-thumbnail","6":"product_brand-roffb","7":"product_cat-kanten-skiservice-maschinen","8":"product_cat-roffb","10":"first","11":"instock","12":"taxable","13":"shipping-taxable","14":"purchasable","15":"product-type-simple"},"acf":[],"_links":{"self":[{"href":"https:\/\/heba-sport-tec.ch\/it\/wp-json\/wp\/v2\/product\/3980","targetHints":{"allow":["GET"]}}],"collection":[{"href":"https:\/\/heba-sport-tec.ch\/it\/wp-json\/wp\/v2\/product"}],"about":[{"href":"https:\/\/heba-sport-tec.ch\/it\/wp-json\/wp\/v2\/types\/product"}],"wp:featuredmedia":[{"embeddable":true,"href":"https:\/\/heba-sport-tec.ch\/it\/wp-json\/wp\/v2\/media\/4984"}],"wp:attachment":[{"href":"https:\/\/heba-sport-tec.ch\/it\/wp-json\/wp\/v2\/media?parent=3980"}],"wp:term":[{"taxonomy":"product_brand","embeddable":true,"href":"https:\/\/heba-sport-tec.ch\/it\/wp-json\/wp\/v2\/product_brand?post=3980"},{"taxonomy":"product_cat","embeddable":true,"href":"https:\/\/heba-sport-tec.ch\/it\/wp-json\/wp\/v2\/product_cat?post=3980"},{"taxonomy":"product_tag","embeddable":true,"href":"https:\/\/heba-sport-tec.ch\/it\/wp-json\/wp\/v2\/product_tag?post=3980"}],"curies":[{"name":"wp","href":"https:\/\/api.w.org\/{rel}","templated":true}]}}