{"id":3265,"date":"2025-08-18T17:52:50","date_gmt":"2025-08-18T17:52:50","guid":{"rendered":"https:\/\/heba-sport-tec.ch\/produkt\/reparaturpistole-schmelzkopf-40-mm-fuer-ski-und-snowboard-digitale-temperatureinstellungabmessungen-305x215x85-mmgewicht-900-gleistungsaufnahme-max-200-wattverarbei\/"},"modified":"2025-11-19T12:56:07","modified_gmt":"2025-11-19T12:56:07","slug":"reparaturpistole-schmelzkopf-40-mm-fuer-ski-und-snowboard-digitale-temperatureinstellungabmessungen-305x215x85-mmgewicht-900-gleistungsaufnahme-max-200-wattverarbei","status":"publish","type":"product","link":"https:\/\/heba-sport-tec.ch\/it\/prodotto\/reparaturpistole-schmelzkopf-40-mm-fuer-ski-und-snowboard-digitale-temperatureinstellungabmessungen-305x215x85-mmgewicht-900-gleistungsaufnahme-max-200-wattverarbei\/","title":{"rendered":"B\u00fchnen Skigun 220\/230 Volt"},"content":{"rendered":"","protected":false},"excerpt":{"rendered":"<p>Handpistole f\u00fcr die professionelle Reparatur von Kratzern und anderen Oberfl\u00e4chenbesch\u00e4digungen<br \/>\nbei Skiern und Snowboards.<br \/>\nDurch die separat beheizte Fl\u00e4chend\u00fcse (bis zu 300 \u00b0C) wird die Oberfl\u00e4che von Ski oder Snowboard erhitzt,<br \/>\nwodurch sich der Reparaturstick mit der Oberfl\u00e4che verbindet. Die Form der D\u00fcse erm\u00f6glicht einen leichten<br \/>\nund sparsamen Auftrag des Reparaturmaterials.<\/p>\n<p>Features:<br \/>\n\u2022 hohe Schmelzleistung<br \/>\n\u2022 leicht und handlich<br \/>\n\u2022 mechanische Hubbegrenzung zum exakten wiederholbaren Schmelzklebstoffauftrag<br \/>\n\u2022 Abstand des Abzuges zum Handgriff ist komfortabel einzustellen \u2013 f\u00fcr alle Handgr\u00f6\u00dfen<br \/>\n\u2022 erm\u00fcdungsfreies Arbeiten; durch langen Abzug<br \/>\n\u2022 Verarbeitungstemperatur einstellbar<br \/>\n\u2022 integrierter Ein-\/Ausschalter<\/p>","protected":false},"featured_media":3298,"template":"","meta":[],"product_brand":[226],"product_cat":[375,475],"product_tag":[],"class_list":{"0":"post-3265","1":"product","2":"type-product","3":"status-publish","4":"has-post-thumbnail","6":"product_brand-snoli","7":"product_cat-pistole-belagsreparatur-belag-waxandtools","8":"product_cat-snoli","10":"first","11":"instock","12":"taxable","13":"shipping-taxable","14":"purchasable","15":"product-type-simple"},"acf":[],"_links":{"self":[{"href":"https:\/\/heba-sport-tec.ch\/it\/wp-json\/wp\/v2\/product\/3265","targetHints":{"allow":["GET"]}}],"collection":[{"href":"https:\/\/heba-sport-tec.ch\/it\/wp-json\/wp\/v2\/product"}],"about":[{"href":"https:\/\/heba-sport-tec.ch\/it\/wp-json\/wp\/v2\/types\/product"}],"wp:featuredmedia":[{"embeddable":true,"href":"https:\/\/heba-sport-tec.ch\/it\/wp-json\/wp\/v2\/media\/3298"}],"wp:attachment":[{"href":"https:\/\/heba-sport-tec.ch\/it\/wp-json\/wp\/v2\/media?parent=3265"}],"wp:term":[{"taxonomy":"product_brand","embeddable":true,"href":"https:\/\/heba-sport-tec.ch\/it\/wp-json\/wp\/v2\/product_brand?post=3265"},{"taxonomy":"product_cat","embeddable":true,"href":"https:\/\/heba-sport-tec.ch\/it\/wp-json\/wp\/v2\/product_cat?post=3265"},{"taxonomy":"product_tag","embeddable":true,"href":"https:\/\/heba-sport-tec.ch\/it\/wp-json\/wp\/v2\/product_tag?post=3265"}],"curies":[{"name":"wp","href":"https:\/\/api.w.org\/{rel}","templated":true}]}}