{"id":3247,"date":"2025-08-18T17:52:49","date_gmt":"2025-08-18T17:52:49","guid":{"rendered":"https:\/\/heba-sport-tec.ch\/produkt\/snoli-elastikfeile-race-feinextra-fein-100x25x4-mm\/"},"modified":"2025-11-19T12:56:07","modified_gmt":"2025-11-19T12:56:07","slug":"snoli-elastikfeile-race-feinextra-fein-100x25x4-mm","status":"publish","type":"product","link":"https:\/\/heba-sport-tec.ch\/it\/prodotto\/snoli-elastikfeile-race-feinextra-fein-100x25x4-mm\/","title":{"rendered":"SNOLI Elastikfeile RACE+ fein+extra fein, 100x25x4 mm"},"content":{"rendered":"<p>23g<\/p>","protected":false},"excerpt":{"rendered":"<p>SNOLI Elastikfeile Race fein extra fein, 100x25x4 mm<\/p>\n<p>eine optimale Alternative zu herk\u00f6mmlichen Diamantfeilen, eignen sich zum Polieren und Feinsttuning der Kanten. Aufgrund ihrer Elastizit\u00e4t wird zudem eine gleichm\u00e4\u00dfige Kontaktzone bei allen Skiradien erreicht.<\/p>","protected":false},"featured_media":0,"template":"","meta":[],"product_brand":[226],"product_cat":[365,475],"product_tag":[],"class_list":{"0":"post-3247","1":"product","2":"type-product","3":"status-publish","5":"product_brand-snoli","6":"product_cat-diamantfeilen-kanten-waxandtools","7":"product_cat-snoli","9":"first","10":"instock","11":"taxable","12":"shipping-taxable","13":"purchasable","14":"product-type-simple"},"acf":[],"_links":{"self":[{"href":"https:\/\/heba-sport-tec.ch\/it\/wp-json\/wp\/v2\/product\/3247","targetHints":{"allow":["GET"]}}],"collection":[{"href":"https:\/\/heba-sport-tec.ch\/it\/wp-json\/wp\/v2\/product"}],"about":[{"href":"https:\/\/heba-sport-tec.ch\/it\/wp-json\/wp\/v2\/types\/product"}],"wp:attachment":[{"href":"https:\/\/heba-sport-tec.ch\/it\/wp-json\/wp\/v2\/media?parent=3247"}],"wp:term":[{"taxonomy":"product_brand","embeddable":true,"href":"https:\/\/heba-sport-tec.ch\/it\/wp-json\/wp\/v2\/product_brand?post=3247"},{"taxonomy":"product_cat","embeddable":true,"href":"https:\/\/heba-sport-tec.ch\/it\/wp-json\/wp\/v2\/product_cat?post=3247"},{"taxonomy":"product_tag","embeddable":true,"href":"https:\/\/heba-sport-tec.ch\/it\/wp-json\/wp\/v2\/product_tag?post=3247"}],"curies":[{"name":"wp","href":"https:\/\/api.w.org\/{rel}","templated":true}]}}