{"id":3232,"date":"2025-08-18T17:52:47","date_gmt":"2025-08-18T17:52:47","guid":{"rendered":"https:\/\/heba-sport-tec.ch\/produkt\/snoli-ergo-aluwinkel-86\/"},"modified":"2025-12-17T22:10:01","modified_gmt":"2025-12-17T22:10:01","slug":"snoli-ergo-aluwinkel-86","status":"publish","type":"product","link":"https:\/\/heba-sport-tec.ch\/it\/prodotto\/snoli-ergo-aluwinkel-86\/","title":{"rendered":"SNOLI Ergo-Aluwinkel"},"content":{"rendered":"","protected":false},"excerpt":{"rendered":"<p>SNOLI Ergo-Aluwinkel g\u00fcnstiger Feilenhalter f\u00fcr pr\u00e4zises Sch\u00e4rfen der Seitenkante.<\/p>","protected":false},"featured_media":3321,"template":"","meta":[],"product_brand":[226],"product_cat":[353,475],"product_tag":[],"class_list":{"0":"post-3232","1":"product","2":"type-product","3":"status-publish","4":"has-post-thumbnail","6":"product_brand-snoli","7":"product_cat-feilenhalter-kanten-waxandtools","8":"product_cat-snoli","10":"first","11":"instock","12":"taxable","13":"shipping-taxable","14":"purchasable","15":"product-type-variable"},"acf":[],"_links":{"self":[{"href":"https:\/\/heba-sport-tec.ch\/it\/wp-json\/wp\/v2\/product\/3232","targetHints":{"allow":["GET"]}}],"collection":[{"href":"https:\/\/heba-sport-tec.ch\/it\/wp-json\/wp\/v2\/product"}],"about":[{"href":"https:\/\/heba-sport-tec.ch\/it\/wp-json\/wp\/v2\/types\/product"}],"wp:featuredmedia":[{"embeddable":true,"href":"https:\/\/heba-sport-tec.ch\/it\/wp-json\/wp\/v2\/media\/3321"}],"wp:attachment":[{"href":"https:\/\/heba-sport-tec.ch\/it\/wp-json\/wp\/v2\/media?parent=3232"}],"wp:term":[{"taxonomy":"product_brand","embeddable":true,"href":"https:\/\/heba-sport-tec.ch\/it\/wp-json\/wp\/v2\/product_brand?post=3232"},{"taxonomy":"product_cat","embeddable":true,"href":"https:\/\/heba-sport-tec.ch\/it\/wp-json\/wp\/v2\/product_cat?post=3232"},{"taxonomy":"product_tag","embeddable":true,"href":"https:\/\/heba-sport-tec.ch\/it\/wp-json\/wp\/v2\/product_tag?post=3232"}],"curies":[{"name":"wp","href":"https:\/\/api.w.org\/{rel}","templated":true}]}}