{"id":3229,"date":"2025-08-18T17:52:47","date_gmt":"2025-08-18T17:52:47","guid":{"rendered":"https:\/\/heba-sport-tec.ch\/produkt\/snoli-hartmetallfeile-duro-100x25mm-medium\/"},"modified":"2025-11-19T12:56:06","modified_gmt":"2025-11-19T12:56:06","slug":"snoli-hartmetallfeile-duro-100x25mm-medium","status":"publish","type":"product","link":"https:\/\/heba-sport-tec.ch\/it\/prodotto\/snoli-hartmetallfeile-duro-100x25mm-medium\/","title":{"rendered":"SNOLI Hartmetallfeile DURO, 100x25mm, medium"},"content":{"rendered":"<p>102g<\/p>","protected":false},"excerpt":{"rendered":"<p>hochwertig, langlebig und sehr scharf<\/p>\n<p>Ski-Tuning-Feile aus speziellem qualitativ hochwertigem Hartmetall mit au\u00dfergew\u00f6hnlichem Biss f\u00fcr den professionellen Einsatz, hohe Verschlei\u00dffestigkeit, h\u00e4lt 10x l\u00e4nger wie ein normale Feile. Z\u00e4hne einseitig, mittlerer Hieb.<\/p>","protected":false},"featured_media":3318,"template":"","meta":[],"product_brand":[226],"product_cat":[296,475],"product_tag":[],"class_list":{"0":"post-3229","1":"product","2":"type-product","3":"status-publish","4":"has-post-thumbnail","6":"product_brand-snoli","7":"product_cat-feilen-kanten-waxandtools","8":"product_cat-snoli","10":"first","11":"instock","12":"taxable","13":"shipping-taxable","14":"purchasable","15":"product-type-simple"},"acf":[],"_links":{"self":[{"href":"https:\/\/heba-sport-tec.ch\/it\/wp-json\/wp\/v2\/product\/3229","targetHints":{"allow":["GET"]}}],"collection":[{"href":"https:\/\/heba-sport-tec.ch\/it\/wp-json\/wp\/v2\/product"}],"about":[{"href":"https:\/\/heba-sport-tec.ch\/it\/wp-json\/wp\/v2\/types\/product"}],"wp:featuredmedia":[{"embeddable":true,"href":"https:\/\/heba-sport-tec.ch\/it\/wp-json\/wp\/v2\/media\/3318"}],"wp:attachment":[{"href":"https:\/\/heba-sport-tec.ch\/it\/wp-json\/wp\/v2\/media?parent=3229"}],"wp:term":[{"taxonomy":"product_brand","embeddable":true,"href":"https:\/\/heba-sport-tec.ch\/it\/wp-json\/wp\/v2\/product_brand?post=3229"},{"taxonomy":"product_cat","embeddable":true,"href":"https:\/\/heba-sport-tec.ch\/it\/wp-json\/wp\/v2\/product_cat?post=3229"},{"taxonomy":"product_tag","embeddable":true,"href":"https:\/\/heba-sport-tec.ch\/it\/wp-json\/wp\/v2\/product_tag?post=3229"}],"curies":[{"name":"wp","href":"https:\/\/api.w.org\/{rel}","templated":true}]}}