{"id":3160,"date":"2025-08-18T17:52:41","date_gmt":"2025-08-18T17:52:41","guid":{"rendered":"https:\/\/heba-sport-tec.ch\/produkt\/snoli-bindungsbohrer-41x9mm-mit-tin-beschichtung\/"},"modified":"2025-12-01T20:05:05","modified_gmt":"2025-12-01T20:05:05","slug":"snoli-bindungsbohrer-41x9mm-mit-tin-beschichtung","status":"publish","type":"product","link":"https:\/\/heba-sport-tec.ch\/it\/prodotto\/snoli-bindungsbohrer-41x9mm-mit-tin-beschichtung\/","title":{"rendered":"SNOLI Bindungsbohrer \u2013 Pr\u00e4zisionsbohrer f\u00fcr Skibindungs-Montage \u2013 TiN-beschichtet"},"content":{"rendered":"<p data-start=\"555\" data-end=\"870\">Der <strong data-start=\"559\" data-end=\"583\">SNOLI Bindungsbohrer<\/strong> ist ein hochwertiger <strong data-start=\"605\" data-end=\"673\">Pr\u00e4zisionsbohrer f\u00fcr die professionelle Montage von Skibindungen<\/strong>. Er ist in verschiedenen <strong data-start=\"699\" data-end=\"761\">Durchmessern, Bohrtiefen und optional mit TiN-Beschichtung<\/strong> erh\u00e4ltlich und sorgt f\u00fcr <strong data-start=\"787\" data-end=\"839\">saubere, pr\u00e4zise Bohrungen und lange Standzeiten<\/strong> im t\u00e4glichen Werkstatteinsatz.<\/p>\n<p data-start=\"555\" data-end=\"870\">\n<ul>\n<li data-start=\"1148\" data-end=\"1220\">\n<p data-start=\"1150\" data-end=\"1220\"><strong data-start=\"1150\" data-end=\"1166\">Durchmesser:<\/strong> Auswahlfeld 3,5 mm\u00a0 4,1 mm<\/p>\n<\/li>\n<li data-start=\"1221\" data-end=\"1269\">\n<p data-start=\"1223\" data-end=\"1269\"><strong data-start=\"1223\" data-end=\"1237\">Bohrtiefe:<\/strong> Auswahlfeld\u00a0 7 mm | 9 mm | 11mm<\/p>\n<\/li>\n<li data-start=\"1270\" data-end=\"1304\">\n<p data-start=\"1272\" data-end=\"1304\"><strong data-start=\"1272\" data-end=\"1289\">Beschichtung:<\/strong> Titanium<\/p>\n<\/li>\n<\/ul>","protected":false},"excerpt":{"rendered":"<p>SNOLI Bindungsbohrer \u2013 Pr\u00e4zisionsbohrer f\u00fcr Skibindungen in verschiedenen Durchmessern &amp; L\u00e4ngen. Optional TiN-beschichtet. F\u00fcr Werkstatt &amp; Skiservice.<\/p>","protected":false},"featured_media":3341,"template":"","meta":[],"product_brand":[226],"product_cat":[371,475],"product_tag":[],"class_list":{"0":"post-3160","1":"product","2":"type-product","3":"status-publish","4":"has-post-thumbnail","6":"product_brand-snoli","7":"product_cat-bindungsbohrer-werkstatt-waxandtools","8":"product_cat-snoli","10":"first","11":"instock","12":"taxable","13":"shipping-taxable","14":"purchasable","15":"product-type-variable"},"acf":[],"_links":{"self":[{"href":"https:\/\/heba-sport-tec.ch\/it\/wp-json\/wp\/v2\/product\/3160","targetHints":{"allow":["GET"]}}],"collection":[{"href":"https:\/\/heba-sport-tec.ch\/it\/wp-json\/wp\/v2\/product"}],"about":[{"href":"https:\/\/heba-sport-tec.ch\/it\/wp-json\/wp\/v2\/types\/product"}],"wp:featuredmedia":[{"embeddable":true,"href":"https:\/\/heba-sport-tec.ch\/it\/wp-json\/wp\/v2\/media\/3341"}],"wp:attachment":[{"href":"https:\/\/heba-sport-tec.ch\/it\/wp-json\/wp\/v2\/media?parent=3160"}],"wp:term":[{"taxonomy":"product_brand","embeddable":true,"href":"https:\/\/heba-sport-tec.ch\/it\/wp-json\/wp\/v2\/product_brand?post=3160"},{"taxonomy":"product_cat","embeddable":true,"href":"https:\/\/heba-sport-tec.ch\/it\/wp-json\/wp\/v2\/product_cat?post=3160"},{"taxonomy":"product_tag","embeddable":true,"href":"https:\/\/heba-sport-tec.ch\/it\/wp-json\/wp\/v2\/product_tag?post=3160"}],"curies":[{"name":"wp","href":"https:\/\/api.w.org\/{rel}","templated":true}]}}