{"id":3116,"date":"2025-08-18T17:52:39","date_gmt":"2025-08-18T17:52:39","guid":{"rendered":"https:\/\/heba-sport-tec.ch\/produkt\/snoli-multi-inserts-7mm-10-stk-schwarz\/"},"modified":"2025-12-01T21:09:54","modified_gmt":"2025-12-01T21:09:54","slug":"snoli-multi-inserts-skibindung-inserts-ski-inserts-montage-skibindung-reparatur-inserts-skiservice-zubehoer-ski-werkstatt-material-bindungs-montage-einsaetze","status":"publish","type":"product","link":"https:\/\/heba-sport-tec.ch\/it\/prodotto\/snoli-multi-inserts-skibindung-inserts-ski-inserts-montage-skibindung-reparatur-inserts-skiservice-zubehoer-ski-werkstatt-material-bindungs-montage-einsaetze\/","title":{"rendered":"SNOLI Multi Inserts \u2013 Montageeins\u00e4tze f\u00fcr Skibindungen \u2013 verschiedene Gr\u00f6\u00dfen &#038; Farben"},"content":{"rendered":"<p data-start=\"545\" data-end=\"880\">Die <strong data-start=\"549\" data-end=\"572\">SNOLI Multi Inserts<\/strong> sind hochwertige <strong data-start=\"590\" data-end=\"667\">Montageeins\u00e4tze f\u00fcr die professionelle Skibindungs-Montage und -Reparatur<\/strong>. Sie sind in <strong data-start=\"681\" data-end=\"744\">verschiedenen Durchmessern, Farben und Verpackungseinheiten<\/strong> erh\u00e4ltlich und sorgen f\u00fcr eine <strong data-start=\"776\" data-end=\"820\">deutlich h\u00f6here Haltekraft der Schrauben<\/strong> sowie eine <strong data-start=\"832\" data-end=\"867\">dauerhafte, sichere Befestigung<\/strong> im Ski-Kern.<\/p>\n<ul>\n<li data-start=\"947\" data-end=\"997\">\n<p data-start=\"949\" data-end=\"997\">\u2705 <strong data-start=\"951\" data-end=\"995\">Erh\u00e4ltlich in verschiedenen Durchmessern<\/strong><\/p>\n<\/li>\n<li data-start=\"998\" data-end=\"1041\">\n<p data-start=\"1000\" data-end=\"1041\">\u2705 <strong data-start=\"1002\" data-end=\"1039\">Unterschiedliche Farben verf\u00fcgbar<\/strong><\/p>\n<\/li>\n<li data-start=\"1042\" data-end=\"1093\">\n<p data-start=\"1044\" data-end=\"1093\">\u2705 <strong data-start=\"1046\" data-end=\"1091\">Verschiedene Set-Gr\u00f6\u00dfen (z. B. 10er-Pack)<\/strong><\/p>\n<\/li>\n<li data-start=\"1094\" data-end=\"1139\">\n<p data-start=\"1096\" data-end=\"1139\">\u2705 <strong data-start=\"1098\" data-end=\"1137\">F\u00fcr Skibindungs-Montage &amp; Reparatur<\/strong><\/p>\n<\/li>\n<li data-start=\"1140\" data-end=\"1184\">\n<p data-start=\"1142\" data-end=\"1184\">\u2705 <strong data-start=\"1144\" data-end=\"1182\">Erh\u00f6hte Auszugskraft der Schrauben<\/strong><\/p>\n<\/li>\n<li data-start=\"1185\" data-end=\"1227\">\n<p data-start=\"1187\" data-end=\"1227\">\u2705 <strong data-start=\"1189\" data-end=\"1225\">Ideal f\u00fcr Werkstatt &amp; Skiservice<\/strong><\/p>\n<\/li>\n<li data-start=\"1228\" data-end=\"1269\">\n<p data-start=\"1230\" data-end=\"1269\">\u2705 <strong data-start=\"1232\" data-end=\"1269\">Original Markenqualit\u00e4t von SNOLI<\/strong><\/p>\n<\/li>\n<\/ul>\n<p data-start=\"545\" data-end=\"880\">","protected":false},"excerpt":{"rendered":"<p data-start=\"1532\" data-end=\"1677\">SNOLI Multi Inserts \u2013 Montageeins\u00e4tze f\u00fcr Skibindungen in verschiedenen Gr\u00f6\u00dfen, Farben &amp; Set-Gr\u00f6\u00dfen. Ideal f\u00fcr Montage &amp; Reparatur im Skiservice.<\/p>","protected":false},"featured_media":3342,"template":"","meta":[],"product_brand":[226],"product_cat":[374,475],"product_tag":[],"class_list":{"0":"post-3116","1":"product","2":"type-product","3":"status-publish","4":"has-post-thumbnail","6":"product_brand-snoli","7":"product_cat-multi-inserts","8":"product_cat-snoli","10":"first","11":"instock","12":"taxable","13":"shipping-taxable","14":"purchasable","15":"product-type-variable"},"acf":[],"_links":{"self":[{"href":"https:\/\/heba-sport-tec.ch\/it\/wp-json\/wp\/v2\/product\/3116","targetHints":{"allow":["GET"]}}],"collection":[{"href":"https:\/\/heba-sport-tec.ch\/it\/wp-json\/wp\/v2\/product"}],"about":[{"href":"https:\/\/heba-sport-tec.ch\/it\/wp-json\/wp\/v2\/types\/product"}],"wp:featuredmedia":[{"embeddable":true,"href":"https:\/\/heba-sport-tec.ch\/it\/wp-json\/wp\/v2\/media\/3342"}],"wp:attachment":[{"href":"https:\/\/heba-sport-tec.ch\/it\/wp-json\/wp\/v2\/media?parent=3116"}],"wp:term":[{"taxonomy":"product_brand","embeddable":true,"href":"https:\/\/heba-sport-tec.ch\/it\/wp-json\/wp\/v2\/product_brand?post=3116"},{"taxonomy":"product_cat","embeddable":true,"href":"https:\/\/heba-sport-tec.ch\/it\/wp-json\/wp\/v2\/product_cat?post=3116"},{"taxonomy":"product_tag","embeddable":true,"href":"https:\/\/heba-sport-tec.ch\/it\/wp-json\/wp\/v2\/product_tag?post=3116"}],"curies":[{"name":"wp","href":"https:\/\/api.w.org\/{rel}","templated":true}]}}