{"id":2608,"date":"2025-06-05T01:26:01","date_gmt":"2025-06-05T01:26:01","guid":{"rendered":"https:\/\/heba-sport-tec.ch\/produkt\/waxpro-160-digital-1x230v-50hz-ce\/"},"modified":"2025-11-19T12:56:03","modified_gmt":"2025-11-19T12:56:03","slug":"waxpro-160-digital-1x230v-50hz-ce","status":"publish","type":"product","link":"https:\/\/heba-sport-tec.ch\/it\/prodotto\/waxpro-160-digital-1x230v-50hz-ce\/","title":{"rendered":"Waxpro 160 digital 1x230V, 50Hz, CE"},"content":{"rendered":"","protected":false},"excerpt":{"rendered":"<p>Waxpro 160 digital 1x230V, 50Hz, CE<\/p>\n<p>Mit dem neuen Wachsger\u00e4t Waxpro 160 digital wurde das bew\u00e4hrte Konzept eines handlichen Wachsger\u00e4tes weiterentwickelt und hinsichtlich den aktuellen Marktanforderungen wie Breite, Comfort und digitaler Temperatureinstellung angepasst.<\/p>\n<p>Der Waxpro 160 digital erf\u00fcllt mit der 160 mm breiten Auftragswalze aus Silikon nun alle Anforderungen f\u00fcr einen schnellen Wachsauftrag auf allen Ski- und Snowboard-Bel\u00e4gen.<\/p>\n<p>Die digitale Temperatursteuerung gew\u00e4hrleistet die genaue Kontrolle \u00fcber die Wachstemperatur. Dadurch wird die exakte Einstellung der gew\u00fcnschten Heiztemperatur w\u00e4hrend der Anwendung m\u00f6glich.<\/p>\n<p>Erstmals kann der Wachsbeh\u00e4lter auch in erhitztem Zustand aus dem Ger\u00e4t entnommen werden. Der optionale St\u00e4nder \u2013 f\u00fcr bis zu 3 St\u00fcck Wachswannen \u2013 erlaubt das schnelle Wechseln und Anwenden verschiedener Wachstypen am Ger\u00e4t.<\/p>","protected":false},"featured_media":1672,"template":"","meta":[],"product_brand":[226],"product_cat":[432,15,475],"product_tag":[],"class_list":{"0":"post-2608","1":"product","2":"type-product","3":"status-publish","4":"has-post-thumbnail","6":"product_brand-snoli","7":"product_cat-geraete-wax-waxandtools","8":"product_cat-unkategorisiert","9":"product_cat-snoli","11":"first","12":"instock","13":"taxable","14":"shipping-taxable","15":"purchasable","16":"product-type-simple"},"acf":[],"_links":{"self":[{"href":"https:\/\/heba-sport-tec.ch\/it\/wp-json\/wp\/v2\/product\/2608","targetHints":{"allow":["GET"]}}],"collection":[{"href":"https:\/\/heba-sport-tec.ch\/it\/wp-json\/wp\/v2\/product"}],"about":[{"href":"https:\/\/heba-sport-tec.ch\/it\/wp-json\/wp\/v2\/types\/product"}],"wp:featuredmedia":[{"embeddable":true,"href":"https:\/\/heba-sport-tec.ch\/it\/wp-json\/wp\/v2\/media\/1672"}],"wp:attachment":[{"href":"https:\/\/heba-sport-tec.ch\/it\/wp-json\/wp\/v2\/media?parent=2608"}],"wp:term":[{"taxonomy":"product_brand","embeddable":true,"href":"https:\/\/heba-sport-tec.ch\/it\/wp-json\/wp\/v2\/product_brand?post=2608"},{"taxonomy":"product_cat","embeddable":true,"href":"https:\/\/heba-sport-tec.ch\/it\/wp-json\/wp\/v2\/product_cat?post=2608"},{"taxonomy":"product_tag","embeddable":true,"href":"https:\/\/heba-sport-tec.ch\/it\/wp-json\/wp\/v2\/product_tag?post=2608"}],"curies":[{"name":"wp","href":"https:\/\/api.w.org\/{rel}","templated":true}]}}