{"id":2607,"date":"2025-06-05T01:26:01","date_gmt":"2025-06-05T01:26:01","guid":{"rendered":"https:\/\/heba-sport-tec.ch\/produkt\/waxpro-160-wachswanne-200x75x40-mm\/"},"modified":"2025-11-19T12:56:03","modified_gmt":"2025-11-19T12:56:03","slug":"waxpro-160-wachswanne-200x75x40-mm","status":"publish","type":"product","link":"https:\/\/heba-sport-tec.ch\/it\/prodotto\/waxpro-160-wachswanne-200x75x40-mm\/","title":{"rendered":"Waxpro 160 Wachswanne 200x75x40 mm"},"content":{"rendered":"","protected":false},"excerpt":{"rendered":"<p>Waxpro 160 Wachswanne 200x75x40 mm inkl. Silikon- und Rillenwalze<\/p>\n<p>Mit dieser zus\u00e4tzlichen Wachswanne inklusive 160 mm breiter Silikon- und Rillenwalze kann das Wachsger\u00e4t Waxpro mit verschiedenen Wachstypen verwendet werden. Bis zu 3 Stk. Wachswanen k\u00f6nnen auf der optionalen Niro-Ablage positioniert werden.<\/p>","protected":false},"featured_media":1671,"template":"","meta":[],"product_brand":[226],"product_cat":[432,15,475],"product_tag":[],"class_list":{"0":"post-2607","1":"product","2":"type-product","3":"status-publish","4":"has-post-thumbnail","6":"product_brand-snoli","7":"product_cat-geraete-wax-waxandtools","8":"product_cat-unkategorisiert","9":"product_cat-snoli","11":"first","12":"instock","13":"taxable","14":"shipping-taxable","15":"purchasable","16":"product-type-simple"},"acf":[],"_links":{"self":[{"href":"https:\/\/heba-sport-tec.ch\/it\/wp-json\/wp\/v2\/product\/2607","targetHints":{"allow":["GET"]}}],"collection":[{"href":"https:\/\/heba-sport-tec.ch\/it\/wp-json\/wp\/v2\/product"}],"about":[{"href":"https:\/\/heba-sport-tec.ch\/it\/wp-json\/wp\/v2\/types\/product"}],"wp:featuredmedia":[{"embeddable":true,"href":"https:\/\/heba-sport-tec.ch\/it\/wp-json\/wp\/v2\/media\/1671"}],"wp:attachment":[{"href":"https:\/\/heba-sport-tec.ch\/it\/wp-json\/wp\/v2\/media?parent=2607"}],"wp:term":[{"taxonomy":"product_brand","embeddable":true,"href":"https:\/\/heba-sport-tec.ch\/it\/wp-json\/wp\/v2\/product_brand?post=2607"},{"taxonomy":"product_cat","embeddable":true,"href":"https:\/\/heba-sport-tec.ch\/it\/wp-json\/wp\/v2\/product_cat?post=2607"},{"taxonomy":"product_tag","embeddable":true,"href":"https:\/\/heba-sport-tec.ch\/it\/wp-json\/wp\/v2\/product_tag?post=2607"}],"curies":[{"name":"wp","href":"https:\/\/api.w.org\/{rel}","templated":true}]}}