{"id":2606,"date":"2025-06-05T01:26:00","date_gmt":"2025-06-05T01:26:00","guid":{"rendered":"https:\/\/heba-sport-tec.ch\/produkt\/waxpro-160-niro-ablage-350x200x40mm\/"},"modified":"2025-11-19T12:56:03","modified_gmt":"2025-11-19T12:56:03","slug":"waxpro-160-niro-ablage-350x200x40mm","status":"publish","type":"product","link":"https:\/\/heba-sport-tec.ch\/it\/prodotto\/waxpro-160-niro-ablage-350x200x40mm\/","title":{"rendered":"Waxpro 160 Niro-Ablage 350x200x40mm"},"content":{"rendered":"","protected":false},"excerpt":{"rendered":"<p>Waxpro 160 Niro-Ablage 350x200x40 mm f\u00fcr 3 Stk. Wachswannen<\/p>\n<p>Erstmals kann beim Wachsger\u00e4t Waxpro 160 der Wachsbeh\u00e4lter auch in erhitztem Zustand aus dem Ger\u00e4t entnommen werden der optionale St\u00e4nder \u2013 f\u00fcr bis zu 3 St\u00fcck Wachswannen \u2013 erlaubt das schnelle Wechseln der Wachswanne mit dem optionalen Handgriff sowie das Anwenden verschiedener Wachstypen am Ger\u00e4t.<\/p>","protected":false},"featured_media":1670,"template":"","meta":[],"product_brand":[226],"product_cat":[432,15,475],"product_tag":[],"class_list":{"0":"post-2606","1":"product","2":"type-product","3":"status-publish","4":"has-post-thumbnail","6":"product_brand-snoli","7":"product_cat-geraete-wax-waxandtools","8":"product_cat-unkategorisiert","9":"product_cat-snoli","11":"first","12":"instock","13":"taxable","14":"shipping-taxable","15":"purchasable","16":"product-type-simple"},"acf":[],"_links":{"self":[{"href":"https:\/\/heba-sport-tec.ch\/it\/wp-json\/wp\/v2\/product\/2606","targetHints":{"allow":["GET"]}}],"collection":[{"href":"https:\/\/heba-sport-tec.ch\/it\/wp-json\/wp\/v2\/product"}],"about":[{"href":"https:\/\/heba-sport-tec.ch\/it\/wp-json\/wp\/v2\/types\/product"}],"wp:featuredmedia":[{"embeddable":true,"href":"https:\/\/heba-sport-tec.ch\/it\/wp-json\/wp\/v2\/media\/1670"}],"wp:attachment":[{"href":"https:\/\/heba-sport-tec.ch\/it\/wp-json\/wp\/v2\/media?parent=2606"}],"wp:term":[{"taxonomy":"product_brand","embeddable":true,"href":"https:\/\/heba-sport-tec.ch\/it\/wp-json\/wp\/v2\/product_brand?post=2606"},{"taxonomy":"product_cat","embeddable":true,"href":"https:\/\/heba-sport-tec.ch\/it\/wp-json\/wp\/v2\/product_cat?post=2606"},{"taxonomy":"product_tag","embeddable":true,"href":"https:\/\/heba-sport-tec.ch\/it\/wp-json\/wp\/v2\/product_tag?post=2606"}],"curies":[{"name":"wp","href":"https:\/\/api.w.org\/{rel}","templated":true}]}}