{"id":2597,"date":"2025-06-05T01:24:00","date_gmt":"2025-06-05T01:24:00","guid":{"rendered":"https:\/\/heba-sport-tec.ch\/produkt\/elektrischer-plexi-klingen-schaerfer\/"},"modified":"2025-11-19T12:56:02","modified_gmt":"2025-11-19T12:56:02","slug":"elektrischer-plexi-klingen-schaerfer","status":"publish","type":"product","link":"https:\/\/heba-sport-tec.ch\/it\/prodotto\/elektrischer-plexi-klingen-schaerfer\/","title":{"rendered":"Elektrischer Plexi-Klingen-Sch\u00e4rfer"},"content":{"rendered":"","protected":false},"excerpt":{"rendered":"<p>Elektrischer Plexi-Klingen-Sch\u00e4rfer<\/p>\n<p>Erm\u00f6glicht das Nachsch\u00e4rfen von Plexiglas-Abziehklingen mit der St\u00e4rke 3, 4 und 5mm.<\/p>","protected":false},"featured_media":776,"template":"","meta":[],"product_brand":[226],"product_cat":[302,475],"product_tag":[],"class_list":{"0":"post-2597","1":"product","2":"type-product","3":"status-publish","4":"has-post-thumbnail","6":"product_brand-snoli","7":"product_cat-abziehklinge-wax-waxandtools","8":"product_cat-snoli","10":"first","11":"instock","12":"taxable","13":"shipping-taxable","14":"purchasable","15":"product-type-simple"},"acf":[],"_links":{"self":[{"href":"https:\/\/heba-sport-tec.ch\/it\/wp-json\/wp\/v2\/product\/2597","targetHints":{"allow":["GET"]}}],"collection":[{"href":"https:\/\/heba-sport-tec.ch\/it\/wp-json\/wp\/v2\/product"}],"about":[{"href":"https:\/\/heba-sport-tec.ch\/it\/wp-json\/wp\/v2\/types\/product"}],"wp:featuredmedia":[{"embeddable":true,"href":"https:\/\/heba-sport-tec.ch\/it\/wp-json\/wp\/v2\/media\/776"}],"wp:attachment":[{"href":"https:\/\/heba-sport-tec.ch\/it\/wp-json\/wp\/v2\/media?parent=2597"}],"wp:term":[{"taxonomy":"product_brand","embeddable":true,"href":"https:\/\/heba-sport-tec.ch\/it\/wp-json\/wp\/v2\/product_brand?post=2597"},{"taxonomy":"product_cat","embeddable":true,"href":"https:\/\/heba-sport-tec.ch\/it\/wp-json\/wp\/v2\/product_cat?post=2597"},{"taxonomy":"product_tag","embeddable":true,"href":"https:\/\/heba-sport-tec.ch\/it\/wp-json\/wp\/v2\/product_tag?post=2597"}],"curies":[{"name":"wp","href":"https:\/\/api.w.org\/{rel}","templated":true}]}}