{"id":2522,"date":"2025-06-05T01:23:54","date_gmt":"2025-06-05T01:23:54","guid":{"rendered":"https:\/\/heba-sport-tec.ch\/produkt\/snoli-radial-kantenfeile-titan-350x35mm-9-tpi\/"},"modified":"2025-11-19T12:56:00","modified_gmt":"2025-11-19T12:56:00","slug":"snoli-radial-kantenfeile-titan-350x35mm-9-tpi","status":"publish","type":"product","link":"https:\/\/heba-sport-tec.ch\/it\/prodotto\/snoli-radial-kantenfeile-titan-350x35mm-9-tpi\/","title":{"rendered":"SNOLI Radial Kantenfeile Titan 350x35mm, 9 TPI"},"content":{"rendered":"<p>280g<\/p>","protected":false},"excerpt":{"rendered":"<p>Hochwertige Radial-Feile mit spezieller Oberfl\u00e4chenbeschichtung zum Vorschleifen von Ski- und Snowboardkanten. Optimal geeignet f\u00fcr grobe Reparaturen an Stahlkanten und Skibelag.<\/p>\n<p>Durch die Beschichtung bekommt dieTitan-Feile eine gr\u00f6\u00dfere Oberfl\u00e4chenh\u00e4rte, widersteht rostbildenden Einfl\u00fcssen und verf\u00fcgt \u00fcber eine erh\u00f6hte Lebensdauer gegen\u00fcber herk\u00f6mmlichen Feilen.<\/p>","protected":false},"featured_media":729,"template":"","meta":[],"product_brand":[226],"product_cat":[296,475],"product_tag":[],"class_list":{"0":"post-2522","1":"product","2":"type-product","3":"status-publish","4":"has-post-thumbnail","6":"product_brand-snoli","7":"product_cat-feilen-kanten-waxandtools","8":"product_cat-snoli","10":"first","11":"instock","12":"taxable","13":"shipping-taxable","14":"purchasable","15":"product-type-simple"},"acf":[],"_links":{"self":[{"href":"https:\/\/heba-sport-tec.ch\/it\/wp-json\/wp\/v2\/product\/2522","targetHints":{"allow":["GET"]}}],"collection":[{"href":"https:\/\/heba-sport-tec.ch\/it\/wp-json\/wp\/v2\/product"}],"about":[{"href":"https:\/\/heba-sport-tec.ch\/it\/wp-json\/wp\/v2\/types\/product"}],"wp:featuredmedia":[{"embeddable":true,"href":"https:\/\/heba-sport-tec.ch\/it\/wp-json\/wp\/v2\/media\/729"}],"wp:attachment":[{"href":"https:\/\/heba-sport-tec.ch\/it\/wp-json\/wp\/v2\/media?parent=2522"}],"wp:term":[{"taxonomy":"product_brand","embeddable":true,"href":"https:\/\/heba-sport-tec.ch\/it\/wp-json\/wp\/v2\/product_brand?post=2522"},{"taxonomy":"product_cat","embeddable":true,"href":"https:\/\/heba-sport-tec.ch\/it\/wp-json\/wp\/v2\/product_cat?post=2522"},{"taxonomy":"product_tag","embeddable":true,"href":"https:\/\/heba-sport-tec.ch\/it\/wp-json\/wp\/v2\/product_tag?post=2522"}],"curies":[{"name":"wp","href":"https:\/\/api.w.org\/{rel}","templated":true}]}}