{"id":2520,"date":"2025-06-05T01:23:54","date_gmt":"2025-06-05T01:23:54","guid":{"rendered":"https:\/\/heba-sport-tec.ch\/produkt\/snoli-plexi-klingen-schaerfer-mit-100mm-radialfeile\/"},"modified":"2025-11-19T12:56:00","modified_gmt":"2025-11-19T12:56:00","slug":"snoli-plexi-klingen-schaerfer-mit-100mm-radialfeile","status":"publish","type":"product","link":"https:\/\/heba-sport-tec.ch\/it\/prodotto\/snoli-plexi-klingen-schaerfer-mit-100mm-radialfeile\/","title":{"rendered":"SNOLI Plexi-Klingen-Sch\u00e4rfer mit 100mm Radialfeile"},"content":{"rendered":"","protected":false},"excerpt":{"rendered":"<p>Erm\u00f6glicht das Nachsch\u00e4rfen von Plexiglas-Abziehklingen mit der St\u00e4rke 3, 4 und 5mm.<\/p>","protected":false},"featured_media":772,"template":"","meta":[],"product_brand":[226],"product_cat":[302,475],"product_tag":[],"class_list":{"0":"post-2520","1":"product","2":"type-product","3":"status-publish","4":"has-post-thumbnail","6":"product_brand-snoli","7":"product_cat-abziehklinge-wax-waxandtools","8":"product_cat-snoli","10":"first","11":"instock","12":"taxable","13":"shipping-taxable","14":"purchasable","15":"product-type-simple"},"acf":[],"_links":{"self":[{"href":"https:\/\/heba-sport-tec.ch\/it\/wp-json\/wp\/v2\/product\/2520","targetHints":{"allow":["GET"]}}],"collection":[{"href":"https:\/\/heba-sport-tec.ch\/it\/wp-json\/wp\/v2\/product"}],"about":[{"href":"https:\/\/heba-sport-tec.ch\/it\/wp-json\/wp\/v2\/types\/product"}],"wp:featuredmedia":[{"embeddable":true,"href":"https:\/\/heba-sport-tec.ch\/it\/wp-json\/wp\/v2\/media\/772"}],"wp:attachment":[{"href":"https:\/\/heba-sport-tec.ch\/it\/wp-json\/wp\/v2\/media?parent=2520"}],"wp:term":[{"taxonomy":"product_brand","embeddable":true,"href":"https:\/\/heba-sport-tec.ch\/it\/wp-json\/wp\/v2\/product_brand?post=2520"},{"taxonomy":"product_cat","embeddable":true,"href":"https:\/\/heba-sport-tec.ch\/it\/wp-json\/wp\/v2\/product_cat?post=2520"},{"taxonomy":"product_tag","embeddable":true,"href":"https:\/\/heba-sport-tec.ch\/it\/wp-json\/wp\/v2\/product_tag?post=2520"}],"curies":[{"name":"wp","href":"https:\/\/api.w.org\/{rel}","templated":true}]}}