{"id":2469,"date":"2025-06-05T01:23:49","date_gmt":"2025-06-05T01:23:49","guid":{"rendered":"https:\/\/heba-sport-tec.ch\/produkt\/snoli-radial-kantenfeile-100x30x4mm-9-tpi\/"},"modified":"2026-01-08T15:14:50","modified_gmt":"2026-01-08T15:14:50","slug":"snoli-radial-kantenfeile-100x30x4mm-9-tpi","status":"publish","type":"product","link":"https:\/\/heba-sport-tec.ch\/it\/prodotto\/snoli-radial-kantenfeile-100x30x4mm-9-tpi\/","title":{"rendered":"SNOLI Radial Kantenfeile 100x30x4mm, 9 TPI"},"content":{"rendered":"<p>61g<\/p>","protected":false},"excerpt":{"rendered":"<p>Grobe Profi-Feile zum Vorschleifen von Ski- und Snowboardkanten. Optimal geeignet f\u00fcr grobe Reparaturen an Stahlkanten und Skibelag. Passend f\u00fcr alle g\u00e4ngigen Feilenhalter.<\/p>","protected":false},"featured_media":726,"template":"","meta":[],"product_brand":[226],"product_cat":[296,475],"product_tag":[],"class_list":{"0":"post-2469","1":"product","2":"type-product","3":"status-publish","4":"has-post-thumbnail","6":"product_brand-snoli","7":"product_cat-feilen-kanten-waxandtools","8":"product_cat-snoli","10":"first","11":"instock","12":"taxable","13":"shipping-taxable","14":"purchasable","15":"product-type-simple"},"acf":[],"_links":{"self":[{"href":"https:\/\/heba-sport-tec.ch\/it\/wp-json\/wp\/v2\/product\/2469","targetHints":{"allow":["GET"]}}],"collection":[{"href":"https:\/\/heba-sport-tec.ch\/it\/wp-json\/wp\/v2\/product"}],"about":[{"href":"https:\/\/heba-sport-tec.ch\/it\/wp-json\/wp\/v2\/types\/product"}],"wp:featuredmedia":[{"embeddable":true,"href":"https:\/\/heba-sport-tec.ch\/it\/wp-json\/wp\/v2\/media\/726"}],"wp:attachment":[{"href":"https:\/\/heba-sport-tec.ch\/it\/wp-json\/wp\/v2\/media?parent=2469"}],"wp:term":[{"taxonomy":"product_brand","embeddable":true,"href":"https:\/\/heba-sport-tec.ch\/it\/wp-json\/wp\/v2\/product_brand?post=2469"},{"taxonomy":"product_cat","embeddable":true,"href":"https:\/\/heba-sport-tec.ch\/it\/wp-json\/wp\/v2\/product_cat?post=2469"},{"taxonomy":"product_tag","embeddable":true,"href":"https:\/\/heba-sport-tec.ch\/it\/wp-json\/wp\/v2\/product_tag?post=2469"}],"curies":[{"name":"wp","href":"https:\/\/api.w.org\/{rel}","templated":true}]}}