{"id":2378,"date":"2025-06-05T01:08:55","date_gmt":"2025-06-05T01:08:55","guid":{"rendered":"https:\/\/heba-sport-tec.ch\/produkt\/syntec-ff-bar-green\/"},"modified":"2025-11-19T12:55:57","modified_gmt":"2025-11-19T12:55:57","slug":"syntec-ff-bar-green","status":"publish","type":"product","link":"https:\/\/heba-sport-tec.ch\/it\/prodotto\/syntec-ff-bar-green\/","title":{"rendered":"Syntec FF Bar Green"},"content":{"rendered":"<p>150g<\/p>","protected":false},"excerpt":{"rendered":"<p>Syntec FF Bar BLU<br \/>\nFluorfreies Synthese Rennwachs.<br \/>\n\u2013  Neue fluorfreie Hochleistungsrezeptur<br \/>\n\u2013  Erf\u00fcllt s\u00e4mtliche Regularien der internationalen Skiverb\u00e4nde<br \/>\n\u2013  F\u00fcr fein bis groben sowie aggressiven Schnee<br \/>\n\u2013  F\u00fcr Schneetemperaturen von -8\u00b0 bis\u00ad -15\u00b0C<br \/>\n\u2013  Maximale Wasser- und Schmutzabweisung<br \/>\n\u2013  Sehr hohe Beschleunigung<br \/>\n\u2013  Bestnoten in Gleitverm\u00f6gen und Abriebfestigkeit<br \/>\n\u2013  B\u00fcgeltemperatur 120\u2009~130\u2009\u00b0C<\/p>","protected":false},"featured_media":386,"template":"","meta":[],"product_brand":[248],"product_cat":[362,466],"product_tag":[],"class_list":{"0":"post-2378","1":"product","2":"type-product","3":"status-publish","4":"has-post-thumbnail","6":"product_brand-holmenkol","7":"product_cat-racing-alpine-wax-waxandtools","8":"product_cat-holmenkol","10":"first","11":"instock","12":"taxable","13":"shipping-taxable","14":"purchasable","15":"product-type-simple"},"acf":[],"_links":{"self":[{"href":"https:\/\/heba-sport-tec.ch\/it\/wp-json\/wp\/v2\/product\/2378","targetHints":{"allow":["GET"]}}],"collection":[{"href":"https:\/\/heba-sport-tec.ch\/it\/wp-json\/wp\/v2\/product"}],"about":[{"href":"https:\/\/heba-sport-tec.ch\/it\/wp-json\/wp\/v2\/types\/product"}],"wp:featuredmedia":[{"embeddable":true,"href":"https:\/\/heba-sport-tec.ch\/it\/wp-json\/wp\/v2\/media\/386"}],"wp:attachment":[{"href":"https:\/\/heba-sport-tec.ch\/it\/wp-json\/wp\/v2\/media?parent=2378"}],"wp:term":[{"taxonomy":"product_brand","embeddable":true,"href":"https:\/\/heba-sport-tec.ch\/it\/wp-json\/wp\/v2\/product_brand?post=2378"},{"taxonomy":"product_cat","embeddable":true,"href":"https:\/\/heba-sport-tec.ch\/it\/wp-json\/wp\/v2\/product_cat?post=2378"},{"taxonomy":"product_tag","embeddable":true,"href":"https:\/\/heba-sport-tec.ch\/it\/wp-json\/wp\/v2\/product_tag?post=2378"}],"curies":[{"name":"wp","href":"https:\/\/api.w.org\/{rel}","templated":true}]}}