{"id":2340,"date":"2025-06-05T01:08:53","date_gmt":"2025-06-05T01:08:53","guid":{"rendered":"https:\/\/heba-sport-tec.ch\/produkt\/carve-edge-metalfile\/"},"modified":"2025-11-19T12:55:56","modified_gmt":"2025-11-19T12:55:56","slug":"carve-edge-metalfile","status":"publish","type":"product","link":"https:\/\/heba-sport-tec.ch\/it\/prodotto\/carve-edge-metalfile\/","title":{"rendered":"Carve Edge MetalFile"},"content":{"rendered":"","protected":false},"excerpt":{"rendered":"<p>Carve Edge<br \/>\nExakte Anpassung an Skitailierung durch zwei schwenkbare Eins\u00e4tze. Weltcupbew\u00e4hrtes Profiger\u00e4t.<br \/>\n\u2013   Winkeleinstellung in 0,5\u00b0 Stufen-Klicks zwischen 85\u00b0<br \/>\n und 90\u00b0 m\u00f6glich<br \/>\n\u2013   Unterschiedliche Feilen-Eins\u00e4tze erm\u00f6glichen s\u00e4mtliche   Arbeitsschritte bei der Pr\u00e4paration der Seitenkante<br \/>\n\u2013   Inkl. SegmentFile Hard Metal (schneidet Metall    und Kunststoff)  <\/p>","protected":false},"featured_media":472,"template":"","meta":[],"product_brand":[248],"product_cat":[300,466],"product_tag":[],"class_list":{"0":"post-2340","1":"product","2":"type-product","3":"status-publish","4":"has-post-thumbnail","6":"product_brand-holmenkol","7":"product_cat-schleif-set-kanten-waxandtools","8":"product_cat-holmenkol","10":"first","11":"instock","12":"taxable","13":"shipping-taxable","14":"purchasable","15":"product-type-simple"},"acf":[],"_links":{"self":[{"href":"https:\/\/heba-sport-tec.ch\/it\/wp-json\/wp\/v2\/product\/2340","targetHints":{"allow":["GET"]}}],"collection":[{"href":"https:\/\/heba-sport-tec.ch\/it\/wp-json\/wp\/v2\/product"}],"about":[{"href":"https:\/\/heba-sport-tec.ch\/it\/wp-json\/wp\/v2\/types\/product"}],"wp:featuredmedia":[{"embeddable":true,"href":"https:\/\/heba-sport-tec.ch\/it\/wp-json\/wp\/v2\/media\/472"}],"wp:attachment":[{"href":"https:\/\/heba-sport-tec.ch\/it\/wp-json\/wp\/v2\/media?parent=2340"}],"wp:term":[{"taxonomy":"product_brand","embeddable":true,"href":"https:\/\/heba-sport-tec.ch\/it\/wp-json\/wp\/v2\/product_brand?post=2340"},{"taxonomy":"product_cat","embeddable":true,"href":"https:\/\/heba-sport-tec.ch\/it\/wp-json\/wp\/v2\/product_cat?post=2340"},{"taxonomy":"product_tag","embeddable":true,"href":"https:\/\/heba-sport-tec.ch\/it\/wp-json\/wp\/v2\/product_tag?post=2340"}],"curies":[{"name":"wp","href":"https:\/\/api.w.org\/{rel}","templated":true}]}}