{"id":2274,"date":"2025-06-05T01:08:49","date_gmt":"2025-06-05T01:08:49","guid":{"rendered":"https:\/\/heba-sport-tec.ch\/produkt\/base-brush-bronze\/"},"modified":"2025-11-19T12:55:55","modified_gmt":"2025-11-19T12:55:55","slug":"base-brush-bronze","status":"publish","type":"product","link":"https:\/\/heba-sport-tec.ch\/it\/prodotto\/base-brush-bronze\/","title":{"rendered":"Base Brush Bronze"},"content":{"rendered":"","protected":false},"excerpt":{"rendered":"<p>Base Brush\u00a0Bronze<br \/>\nGrobe Bronzeb\u00fcrste geeignet zum Reinigen des Skibelags vor und nach dem Wachsen und zum Ausb\u00fcrsten von Hei\u00dfwachsen. Perfekt zur Freilegung der Struktur. Die ideale Allround B\u00fcrste.<\/p>","protected":false},"featured_media":4283,"template":"","meta":[],"product_brand":[248],"product_cat":[307,466],"product_tag":[],"class_list":{"0":"post-2274","1":"product","2":"type-product","3":"status-publish","4":"has-post-thumbnail","6":"product_brand-holmenkol","7":"product_cat-buersten-rechteckig-buersten-belag-waxandtools","8":"product_cat-holmenkol","10":"first","11":"instock","12":"taxable","13":"shipping-taxable","14":"purchasable","15":"product-type-simple"},"acf":[],"_links":{"self":[{"href":"https:\/\/heba-sport-tec.ch\/it\/wp-json\/wp\/v2\/product\/2274","targetHints":{"allow":["GET"]}}],"collection":[{"href":"https:\/\/heba-sport-tec.ch\/it\/wp-json\/wp\/v2\/product"}],"about":[{"href":"https:\/\/heba-sport-tec.ch\/it\/wp-json\/wp\/v2\/types\/product"}],"wp:featuredmedia":[{"embeddable":true,"href":"https:\/\/heba-sport-tec.ch\/it\/wp-json\/wp\/v2\/media\/4283"}],"wp:attachment":[{"href":"https:\/\/heba-sport-tec.ch\/it\/wp-json\/wp\/v2\/media?parent=2274"}],"wp:term":[{"taxonomy":"product_brand","embeddable":true,"href":"https:\/\/heba-sport-tec.ch\/it\/wp-json\/wp\/v2\/product_brand?post=2274"},{"taxonomy":"product_cat","embeddable":true,"href":"https:\/\/heba-sport-tec.ch\/it\/wp-json\/wp\/v2\/product_cat?post=2274"},{"taxonomy":"product_tag","embeddable":true,"href":"https:\/\/heba-sport-tec.ch\/it\/wp-json\/wp\/v2\/product_tag?post=2274"}],"curies":[{"name":"wp","href":"https:\/\/api.w.org\/{rel}","templated":true}]}}