{"id":2218,"date":"2025-06-05T01:08:45","date_gmt":"2025-06-05T01:08:45","guid":{"rendered":"https:\/\/heba-sport-tec.ch\/produkt\/multi-cleaner\/"},"modified":"2025-11-19T12:55:53","modified_gmt":"2025-11-19T12:55:53","slug":"multi-cleaner","status":"publish","type":"product","link":"https:\/\/heba-sport-tec.ch\/it\/prodotto\/multi-cleaner\/","title":{"rendered":"Multi Cleaner"},"content":{"rendered":"<p>250ml<\/p>","protected":false},"excerpt":{"rendered":"<p>Multi Cleaner\u00a0<br \/>\nAntriebsreiniger<br \/>\nReinigt und entfettet Metallteile (Kettenbl\u00e4tter, Schaltwerke und Umwerfer)<br \/>\nSch\u00fctzt vor \u00fcberm\u00e4\u00dfigem Abrieb<br \/>\nGeeignet f\u00fcr alle Arten von Fahrradketten <\/p>","protected":false},"featured_media":592,"template":"","meta":[],"product_brand":[248],"product_cat":[325,466],"product_tag":[],"class_list":{"0":"post-2218","1":"product","2":"type-product","3":"status-publish","4":"has-post-thumbnail","6":"product_brand-holmenkol","7":"product_cat-oele-wax-bike-pflegeundreinigung","8":"product_cat-holmenkol","10":"first","11":"instock","12":"taxable","13":"shipping-taxable","14":"purchasable","15":"product-type-simple"},"acf":[],"_links":{"self":[{"href":"https:\/\/heba-sport-tec.ch\/it\/wp-json\/wp\/v2\/product\/2218","targetHints":{"allow":["GET"]}}],"collection":[{"href":"https:\/\/heba-sport-tec.ch\/it\/wp-json\/wp\/v2\/product"}],"about":[{"href":"https:\/\/heba-sport-tec.ch\/it\/wp-json\/wp\/v2\/types\/product"}],"wp:featuredmedia":[{"embeddable":true,"href":"https:\/\/heba-sport-tec.ch\/it\/wp-json\/wp\/v2\/media\/592"}],"wp:attachment":[{"href":"https:\/\/heba-sport-tec.ch\/it\/wp-json\/wp\/v2\/media?parent=2218"}],"wp:term":[{"taxonomy":"product_brand","embeddable":true,"href":"https:\/\/heba-sport-tec.ch\/it\/wp-json\/wp\/v2\/product_brand?post=2218"},{"taxonomy":"product_cat","embeddable":true,"href":"https:\/\/heba-sport-tec.ch\/it\/wp-json\/wp\/v2\/product_cat?post=2218"},{"taxonomy":"product_tag","embeddable":true,"href":"https:\/\/heba-sport-tec.ch\/it\/wp-json\/wp\/v2\/product_tag?post=2218"}],"curies":[{"name":"wp","href":"https:\/\/api.w.org\/{rel}","templated":true}]}}