{"id":2182,"date":"2025-06-05T01:08:42","date_gmt":"2025-06-05T01:08:42","guid":{"rendered":"https:\/\/heba-sport-tec.ch\/produkt\/filebrush\/"},"modified":"2025-11-19T12:55:52","modified_gmt":"2025-11-19T12:55:52","slug":"filebrush","status":"publish","type":"product","link":"https:\/\/heba-sport-tec.ch\/it\/prodotto\/filebrush\/","title":{"rendered":"Filebrush"},"content":{"rendered":"","protected":false},"excerpt":{"rendered":"<p>Feilenb\u00fcrste<br \/>\nFeilenb\u00fcrste zum Ausb\u00fcrsten der Feilen von Eisensp\u00e4nen und Schleifstaub.<\/p>","protected":false},"featured_media":5175,"template":"","meta":[],"product_brand":[248],"product_cat":[296,466],"product_tag":[],"class_list":{"0":"post-2182","1":"product","2":"type-product","3":"status-publish","4":"has-post-thumbnail","6":"product_brand-holmenkol","7":"product_cat-feilen-kanten-waxandtools","8":"product_cat-holmenkol","10":"first","11":"instock","12":"taxable","13":"shipping-taxable","14":"purchasable","15":"product-type-simple"},"acf":[],"_links":{"self":[{"href":"https:\/\/heba-sport-tec.ch\/it\/wp-json\/wp\/v2\/product\/2182","targetHints":{"allow":["GET"]}}],"collection":[{"href":"https:\/\/heba-sport-tec.ch\/it\/wp-json\/wp\/v2\/product"}],"about":[{"href":"https:\/\/heba-sport-tec.ch\/it\/wp-json\/wp\/v2\/types\/product"}],"wp:featuredmedia":[{"embeddable":true,"href":"https:\/\/heba-sport-tec.ch\/it\/wp-json\/wp\/v2\/media\/5175"}],"wp:attachment":[{"href":"https:\/\/heba-sport-tec.ch\/it\/wp-json\/wp\/v2\/media?parent=2182"}],"wp:term":[{"taxonomy":"product_brand","embeddable":true,"href":"https:\/\/heba-sport-tec.ch\/it\/wp-json\/wp\/v2\/product_brand?post=2182"},{"taxonomy":"product_cat","embeddable":true,"href":"https:\/\/heba-sport-tec.ch\/it\/wp-json\/wp\/v2\/product_cat?post=2182"},{"taxonomy":"product_tag","embeddable":true,"href":"https:\/\/heba-sport-tec.ch\/it\/wp-json\/wp\/v2\/product_tag?post=2182"}],"curies":[{"name":"wp","href":"https:\/\/api.w.org\/{rel}","templated":true}]}}