{"id":2147,"date":"2025-06-05T01:08:39","date_gmt":"2025-06-05T01:08:39","guid":{"rendered":"https:\/\/heba-sport-tec.ch\/produkt\/repair-strips-transparent\/"},"modified":"2025-11-19T12:55:52","modified_gmt":"2025-11-19T12:55:52","slug":"repair-strips-transparent","status":"publish","type":"product","link":"https:\/\/heba-sport-tec.ch\/it\/prodotto\/repair-strips-transparent\/","title":{"rendered":"Repair-Strips transparent"},"content":{"rendered":"<p>5 Stk.<\/p>","protected":false},"excerpt":{"rendered":"<p>Produktinformationen &#8220;Repair-Strips transparent &#8221;<br \/>\nReparaturstick f\u00fcr kleinere Belagsreparaturen.Optimal geeignet f\u00fcr alle herk\u00f6mmlichen Skibel\u00e4ge. Farbe: transparent, f\u00fcr helle Bel\u00e4ge. Anwendung: Anz\u00fcnden, auftropfen, abziehen &#8211; fertig.<\/p>","protected":false},"featured_media":497,"template":"","meta":[],"product_brand":[248],"product_cat":[376,466],"product_tag":[],"class_list":{"0":"post-2147","1":"product","2":"type-product","3":"status-publish","4":"has-post-thumbnail","6":"product_brand-holmenkol","7":"product_cat-belagreparatur-belag-waxandtools","8":"product_cat-holmenkol","10":"first","11":"instock","12":"taxable","13":"shipping-taxable","14":"purchasable","15":"product-type-simple"},"acf":[],"_links":{"self":[{"href":"https:\/\/heba-sport-tec.ch\/it\/wp-json\/wp\/v2\/product\/2147","targetHints":{"allow":["GET"]}}],"collection":[{"href":"https:\/\/heba-sport-tec.ch\/it\/wp-json\/wp\/v2\/product"}],"about":[{"href":"https:\/\/heba-sport-tec.ch\/it\/wp-json\/wp\/v2\/types\/product"}],"wp:featuredmedia":[{"embeddable":true,"href":"https:\/\/heba-sport-tec.ch\/it\/wp-json\/wp\/v2\/media\/497"}],"wp:attachment":[{"href":"https:\/\/heba-sport-tec.ch\/it\/wp-json\/wp\/v2\/media?parent=2147"}],"wp:term":[{"taxonomy":"product_brand","embeddable":true,"href":"https:\/\/heba-sport-tec.ch\/it\/wp-json\/wp\/v2\/product_brand?post=2147"},{"taxonomy":"product_cat","embeddable":true,"href":"https:\/\/heba-sport-tec.ch\/it\/wp-json\/wp\/v2\/product_cat?post=2147"},{"taxonomy":"product_tag","embeddable":true,"href":"https:\/\/heba-sport-tec.ch\/it\/wp-json\/wp\/v2\/product_tag?post=2147"}],"curies":[{"name":"wp","href":"https:\/\/api.w.org\/{rel}","templated":true}]}}