{"id":2138,"date":"2025-06-05T01:08:39","date_gmt":"2025-06-05T01:08:39","guid":{"rendered":"https:\/\/heba-sport-tec.ch\/produkt\/lip-balm\/"},"modified":"2025-11-19T12:55:52","modified_gmt":"2025-11-19T12:55:52","slug":"lip-balm","status":"publish","type":"product","link":"https:\/\/heba-sport-tec.ch\/it\/prodotto\/lip-balm\/","title":{"rendered":"Lip Balm"},"content":{"rendered":"<p>4.8ml<\/p>","protected":false},"excerpt":{"rendered":"<p>Premium Lip Balm<br \/>\nSch\u00fctzender und pflegender Lippenstift<br \/>\nLichtschutzfaktor 20<br \/>\nSch\u00fctzt die Lippen vor Austrocknung und \u00e4u\u00dferen<br \/>\nEinfl\u00fcssen, wie z.B. UV-Licht<br \/>\nAuslieferung im praktischen Thekendisplay<\/p>","protected":false},"featured_media":616,"template":"","meta":[],"product_brand":[248],"product_cat":[316,466],"product_tag":[],"class_list":{"0":"post-2138","1":"product","2":"type-product","3":"status-publish","4":"has-post-thumbnail","6":"product_brand-holmenkol","7":"product_cat-sonnenschutz-koerper-pflegeundreinigung","8":"product_cat-holmenkol","10":"first","11":"instock","12":"taxable","13":"shipping-taxable","14":"purchasable","15":"product-type-simple"},"acf":[],"_links":{"self":[{"href":"https:\/\/heba-sport-tec.ch\/it\/wp-json\/wp\/v2\/product\/2138","targetHints":{"allow":["GET"]}}],"collection":[{"href":"https:\/\/heba-sport-tec.ch\/it\/wp-json\/wp\/v2\/product"}],"about":[{"href":"https:\/\/heba-sport-tec.ch\/it\/wp-json\/wp\/v2\/types\/product"}],"wp:featuredmedia":[{"embeddable":true,"href":"https:\/\/heba-sport-tec.ch\/it\/wp-json\/wp\/v2\/media\/616"}],"wp:attachment":[{"href":"https:\/\/heba-sport-tec.ch\/it\/wp-json\/wp\/v2\/media?parent=2138"}],"wp:term":[{"taxonomy":"product_brand","embeddable":true,"href":"https:\/\/heba-sport-tec.ch\/it\/wp-json\/wp\/v2\/product_brand?post=2138"},{"taxonomy":"product_cat","embeddable":true,"href":"https:\/\/heba-sport-tec.ch\/it\/wp-json\/wp\/v2\/product_cat?post=2138"},{"taxonomy":"product_tag","embeddable":true,"href":"https:\/\/heba-sport-tec.ch\/it\/wp-json\/wp\/v2\/product_tag?post=2138"}],"curies":[{"name":"wp","href":"https:\/\/api.w.org\/{rel}","templated":true}]}}