{"id":258,"date":"2025-05-12T08:06:42","date_gmt":"2025-05-12T08:06:42","guid":{"rendered":"https:\/\/heba-sport-tec.ch\/?page_id=258"},"modified":"2025-09-26T17:58:38","modified_gmt":"2025-09-26T17:58:38","slug":"agb","status":"publish","type":"page","link":"https:\/\/heba-sport-tec.ch\/it\/agb\/","title":{"rendered":"AGB"},"content":{"rendered":"<div data-elementor-type=\"wp-page\" data-elementor-id=\"258\" class=\"elementor elementor-258\" data-elementor-post-type=\"page\">\n\t\t\t\t<div class=\"elementor-element elementor-element-f6da48f e-flex e-con-boxed e-con e-parent\" data-id=\"f6da48f\" data-element_type=\"container\">\n\t\t\t\t\t<div class=\"e-con-inner\">\n\t\t\t\t<div class=\"elementor-element elementor-element-3ab340e elementor-widget elementor-widget-heading\" data-id=\"3ab340e\" data-element_type=\"widget\" data-widget_type=\"heading.default\">\n\t\t\t\t<div class=\"elementor-widget-container\">\n\t\t\t\t\t<h2 class=\"elementor-heading-title elementor-size-default\">Allgemeine Gesch\u00e4ftsbedingungen (AGB)<\/h2>\t\t\t\t<\/div>\n\t\t\t\t<\/div>\n\t\t\t\t\t<\/div>\n\t\t\t\t<\/div>\n\t\t<div class=\"elementor-element elementor-element-e6e2b65 e-flex e-con-boxed e-con e-parent\" data-id=\"e6e2b65\" data-element_type=\"container\">\n\t\t\t\t\t<div class=\"e-con-inner\">\n\t\t\t\t<div class=\"elementor-element elementor-element-7774b0c elementor-widget elementor-widget-text-editor\" data-id=\"7774b0c\" data-element_type=\"widget\" data-widget_type=\"text-editor.default\">\n\t\t\t\t<div class=\"elementor-widget-container\">\n\t\t\t\t\t\t\t\t\t<div>HEBA Sport Tec GmbH<\/div><div>Moosm\u00fchlestrasse 3, 9000 St. Gallen, Schweiz<\/div><div>E-Mail: info@heba-sport-tec.ch<\/div><div>\u00a0<\/div><div><b>1. Geltungsbereich<\/b><\/div><div>Diese Allgemeinen Gesch\u00e4ftsbedingungen (AGB) gelten f\u00fcr alle Bestellungen, die \u00fcber den Online-Shop der HEBA Sport Tec GmbH durch Verbraucher und Unternehmer get\u00e4tigt werden.<\/div><div>\u00a0<\/div><div><b>2. Vertragsabschluss<\/b><\/div><div>Die Darstellung der Produkte im Online-Shop stellt kein rechtlich bindendes Angebot, sondern eine Aufforderung zur Bestellung dar. Der Vertrag kommt zustande, sobald der Kunde im Bestellvorgang den Button \u201eJetzt kaufen\u201c klickt und eine Best\u00e4tigung per E-Mail erh\u00e4lt.<\/div><div>\u00a0<\/div><div><b>3. Preise und Versandkosten<\/b><\/div><div>Alle Preise verstehen sich in Schweizer Franken (CHF) inklusive gesetzlicher Mehrwertsteuer. Zus\u00e4tzlich anfallende Versandkosten werden im Bestellprozess deutlich mitgeteilt.<\/div><div>\u00a0<\/div><div><b>4. Lieferbedingungen<\/b><\/div><div>Lieferungen erfolgen nur innerhalb der Schweiz (optional: und Liechtenstein). Die Lieferfrist betr\u00e4gt in der Regel 2\u20135 Werktage, sofern beim Produkt nicht anders angegeben.<\/div><div>\u00a0<\/div><div><b>5. Zahlungsbedingungen<\/b><\/div><div>Folgende Zahlungsmethoden werden akzeptiert:<\/div><div>\u2022Vorkasse<\/div><div>\u2022Kreditkarte<\/div><div>\u2022TWINT<\/div><div>\u2022Rechnung (nach Vereinbarung)<\/div><div>\u00a0<\/div><div>Die HEBA Sport Tec GmbH beh\u00e4lt sich vor, einzelne Zahlungsarten auszuschliessen.<\/div><div>\u00a0<\/div><div><b>6. Eigentumsvorbehalt<\/b><\/div><div>Die Ware bleibt bis zur vollst\u00e4ndigen Bezahlung Eigentum der HEBA Sport Tec GmbH.<\/div><div>\u00a0<\/div><div><b>7. Widerrufsrecht \/ R\u00fcckgabe<\/b><\/div><div>Kunden haben das Recht, die Ware innerhalb von 14 Tagen nach Erhalt ohne Angabe von Gr\u00fcnden zur\u00fcckzugeben. Die R\u00fccksendung erfolgt auf eigene Kosten, ausser die gelieferte Ware ist fehlerhaft oder entspricht nicht der Bestellung. Die Ware muss ungebraucht und originalverpackt zur\u00fcckgesendet werden.<\/div><div>\u00a0<\/div><div><b>8. Gew\u00e4hrleistung und Haftung<\/b><\/div><div>F\u00fcr M\u00e4ngel an der gelieferten Ware gelten die gesetzlichen Gew\u00e4hrleistungsbestimmungen der Schweiz. Weitere Anspr\u00fcche, insbesondere Schadenersatzanspr\u00fcche, sind \u2013 soweit gesetzlich zul\u00e4ssig \u2013 ausgeschlossen.<\/div><div>\u00a0<\/div><div><b>9. Datenschutz<\/b><\/div><div>Die Datenschutzerkl\u00e4rung der HEBA Sport Tec GmbH ist integraler Bestandteil dieser AGB und kann auf der Website eingesehen werden.<\/div><div>\u00a0<\/div><div><b>10. Anwendbares Recht und Gerichtsstand<\/b><\/div><div>Es gilt ausschliesslich Schweizer Recht. Gerichtsstand ist St. Gallen, Schweiz.<\/div>\t\t\t\t\t\t\t\t<\/div>\n\t\t\t\t<\/div>\n\t\t\t\t\t<\/div>\n\t\t\t\t<\/div>\n\t\t\t\t<\/div>","protected":false},"excerpt":{"rendered":"<p>Allgemeine Gesch\u00e4ftsbedingungen (AGB) HEBA Sport Tec GmbHMoosm\u00fchlestrasse 3, 9000 St. Gallen, SchweizE-Mail: info@heba-sport-tec.ch\u00a01. GeltungsbereichDiese Allgemeinen Gesch\u00e4ftsbedingungen (AGB) gelten f\u00fcr alle Bestellungen, die \u00fcber den Online-Shop der HEBA Sport Tec GmbH durch Verbraucher und Unternehmer get\u00e4tigt werden.\u00a02. VertragsabschlussDie Darstellung der Produkte im Online-Shop stellt kein rechtlich bindendes Angebot, sondern eine Aufforderung zur Bestellung dar. Der Vertrag [&hellip;]<\/p>","protected":false},"author":19,"featured_media":0,"parent":0,"menu_order":0,"comment_status":"closed","ping_status":"closed","template":"","meta":{"footnotes":""},"class_list":["post-258","page","type-page","status-publish","hentry"],"acf":[],"_links":{"self":[{"href":"https:\/\/heba-sport-tec.ch\/it\/wp-json\/wp\/v2\/pages\/258","targetHints":{"allow":["GET"]}}],"collection":[{"href":"https:\/\/heba-sport-tec.ch\/it\/wp-json\/wp\/v2\/pages"}],"about":[{"href":"https:\/\/heba-sport-tec.ch\/it\/wp-json\/wp\/v2\/types\/page"}],"author":[{"embeddable":true,"href":"https:\/\/heba-sport-tec.ch\/it\/wp-json\/wp\/v2\/users\/19"}],"replies":[{"embeddable":true,"href":"https:\/\/heba-sport-tec.ch\/it\/wp-json\/wp\/v2\/comments?post=258"}],"version-history":[{"count":11,"href":"https:\/\/heba-sport-tec.ch\/it\/wp-json\/wp\/v2\/pages\/258\/revisions"}],"predecessor-version":[{"id":5334,"href":"https:\/\/heba-sport-tec.ch\/it\/wp-json\/wp\/v2\/pages\/258\/revisions\/5334"}],"wp:attachment":[{"href":"https:\/\/heba-sport-tec.ch\/it\/wp-json\/wp\/v2\/media?parent=258"}],"curies":[{"name":"wp","href":"https:\/\/api.w.org\/{rel}","templated":true}]}}