{"id":6468,"date":"2026-05-06T09:37:05","date_gmt":"2026-05-06T09:37:05","guid":{"rendered":"https:\/\/heba-sport-tec.ch\/?post_type=product&#038;p=6468"},"modified":"2026-05-06T09:43:42","modified_gmt":"2026-05-06T09:43:42","slug":"fertiggemisch-disinfect-plus-inkl-fresh-air-lemon","status":"publish","type":"product","link":"https:\/\/heba-sport-tec.ch\/fr\/produit\/fertiggemisch-disinfect-plus-inkl-fresh-air-lemon\/","title":{"rendered":"Fertiggemisch Disinfect Plus inkl. Fresh Air Lemon"},"content":{"rendered":"<p>Fertiggemisch Disinfect Plus<br \/>\nGut gepflegte Skischuhe sind ein Muss f\u00fcr jeden Verleihbetrieb! Doch die Hygiene bei einer hohen Frequenz zu gew\u00e4hrleisten, ist nur mit dem richtigen Desinfektionsmittel<br \/>\nm\u00f6glich. Disinfect Plus in Kombination mit Fresh Air Lemon ist ein unschlagbar ergiebiges Team f\u00fcr Ihren Verleihbetrieb!<\/p>\n<p>\u2022 VOLLE WIRKSAMKEIT IN NUR 30 SEKUNDEN<br \/>\n\u2022 ELIMINIERT FUSSGERUCH UND ERFRISCHT DEN FUSS<br \/>\n\u2022 ALS ARZNEIMITTEL BEIM BUNDESGESUNDHEITSAMT ZUGELASSEN<br \/>\n\u2022 SEHR GUT HAUTVERTR\u00c4GLICH<\/p>\n<p>5 L Fertiggemisch Disinfect Plus inkl. Fresh Air Lemon. F\u00fcr Rent- und Depotsysteme sowie Spr\u00fchflaschen wie dem Druckpumpzerst\u00e4uber geeignet.<\/p>","protected":false},"excerpt":{"rendered":"<p>Desinfektionsmittel Schuhe Helme, Kanister 5 L<\/p>","protected":false},"featured_media":5143,"template":"","meta":[],"product_brand":[388],"product_cat":[399,464],"product_tag":[],"class_list":{"0":"post-6468","1":"product","2":"type-product","3":"status-publish","4":"has-post-thumbnail","6":"product_brand-heba","7":"product_cat-zubehoer-skiservice-maschinen","8":"product_cat-heba","10":"first","11":"instock","12":"taxable","13":"shipping-taxable","14":"purchasable","15":"product-type-simple"},"acf":[],"_links":{"self":[{"href":"https:\/\/heba-sport-tec.ch\/fr\/wp-json\/wp\/v2\/product\/6468","targetHints":{"allow":["GET"]}}],"collection":[{"href":"https:\/\/heba-sport-tec.ch\/fr\/wp-json\/wp\/v2\/product"}],"about":[{"href":"https:\/\/heba-sport-tec.ch\/fr\/wp-json\/wp\/v2\/types\/product"}],"wp:featuredmedia":[{"embeddable":true,"href":"https:\/\/heba-sport-tec.ch\/fr\/wp-json\/wp\/v2\/media\/5143"}],"wp:attachment":[{"href":"https:\/\/heba-sport-tec.ch\/fr\/wp-json\/wp\/v2\/media?parent=6468"}],"wp:term":[{"taxonomy":"product_brand","embeddable":true,"href":"https:\/\/heba-sport-tec.ch\/fr\/wp-json\/wp\/v2\/product_brand?post=6468"},{"taxonomy":"product_cat","embeddable":true,"href":"https:\/\/heba-sport-tec.ch\/fr\/wp-json\/wp\/v2\/product_cat?post=6468"},{"taxonomy":"product_tag","embeddable":true,"href":"https:\/\/heba-sport-tec.ch\/fr\/wp-json\/wp\/v2\/product_tag?post=6468"}],"curies":[{"name":"wp","href":"https:\/\/api.w.org\/{rel}","templated":true}]}}