{"id":4062,"date":"2025-08-19T21:55:48","date_gmt":"2025-08-19T21:55:48","guid":{"rendered":"https:\/\/heba-sport-tec.ch\/produkt\/kantenschleifgeraet-elektr\/"},"modified":"2025-12-10T21:21:22","modified_gmt":"2025-12-10T21:21:22","slug":"kantenschleifgeraet-elektr","status":"publish","type":"product","link":"https:\/\/heba-sport-tec.ch\/fr\/produit\/kantenschleifgeraet-elektr\/","title":{"rendered":"CARROT SIDE EDGE M31 \u2013 Professionelles Kantensch\u00e4rfger\u00e4t f\u00fcr Ski &#038; Snowboard"},"content":{"rendered":"<p data-start=\"245\" data-end=\"620\">CARROT Side Edge ist das innovative elektrische Kantensch\u00e4rfger\u00e4t, entwickelt von Comax, das den Bereich der Ski- und Snowboardwartung sowohl im Rennsport als auch im Freizeitbereich revolutioniert. Basierend auf jahrzehntelanger Erfahrung in der Kantentechnologie bietet dieses Ger\u00e4t eine neue Dimension in Pr\u00e4zision, Effizienz und Mobilit\u00e4t.<\/p>\n<p data-start=\"622\" data-end=\"987\">CARROT Side Edge wurde entwickelt, um die Schw\u00e4chen herk\u00f6mmlicher L\u00f6sungen gezielt zu eliminieren \u2013 insbesondere in Bezug auf Handhabung, Transportf\u00e4higkeit und gleichbleibend hohe Sch\u00e4rfqualit\u00e4t. Dank des kompakten Koffersets mit extrem geringen Abmessungen ist das Ger\u00e4t \u00fcberall einsetzbar \u2013 in der Werkstatt, im Servicebus oder direkt im Rennbetrieb.<\/p>\n<p data-start=\"989\" data-end=\"1250\">Trotz der handlichen Gr\u00f6sse liefert CARROT Side Edge konstant professionelle Ergebnisse und erm\u00f6glicht eine schnelle, exakte und materialschonende Kantenbearbeitung. Ideal f\u00fcr Skiservice, Rennservice, Sportfachhandel und ambitionierte Hobbysportler.<\/p>\n<h3 data-start=\"1252\" data-end=\"1277\"><strong data-start=\"1256\" data-end=\"1277\">Technische Daten:<\/strong><\/h3>\n<ul data-start=\"1278\" data-end=\"1473\">\n<li data-start=\"1278\" data-end=\"1328\">\n<p data-start=\"1280\" data-end=\"1328\"><strong data-start=\"1280\" data-end=\"1293\">Spannung:<\/strong> 110\u2013220 V (automatische Anpassung)<\/p>\n<\/li>\n<li data-start=\"1329\" data-end=\"1370\">\n<p data-start=\"1331\" data-end=\"1370\"><strong data-start=\"1331\" data-end=\"1350\">Einsatzbereich:<\/strong> Profi- &amp; Hobbysport<\/p>\n<\/li>\n<li data-start=\"1371\" data-end=\"1422\">\n<p data-start=\"1373\" data-end=\"1422\"><strong data-start=\"1373\" data-end=\"1387\">Anwendung:<\/strong> Pr\u00e4zises Sch\u00e4rfen der Seitenkanten<\/p>\n<\/li>\n<li data-start=\"1423\" data-end=\"1473\">\n<p data-start=\"1425\" data-end=\"1473\"><strong data-start=\"1425\" data-end=\"1442\">Lieferumfang:<\/strong> Kompakt-Kit im Transportkoffer<\/p>\n<\/li>\n<\/ul>\n<h3 data-start=\"1475\" data-end=\"1513\"><strong data-start=\"1479\" data-end=\"1513\">Ihre Vorteile auf einen Blick:<\/strong><\/h3>\n<ul data-start=\"1514\" data-end=\"1729\">\n<li data-start=\"1514\" data-end=\"1566\">\n<p data-start=\"1516\" data-end=\"1566\">\u2705 Professionelle Sch\u00e4rfergebnisse auf Rennniveau<\/p>\n<\/li>\n<li data-start=\"1567\" data-end=\"1595\">\n<p data-start=\"1569\" data-end=\"1595\">\u2705 Extrem kompakt &amp; mobil<\/p>\n<\/li>\n<li data-start=\"1596\" data-end=\"1621\">\n<p data-start=\"1598\" data-end=\"1621\">\u2705 Einfache Handhabung<\/p>\n<\/li>\n<li data-start=\"1622\" data-end=\"1681\">\n<p data-start=\"1624\" data-end=\"1681\">\u2705 Ideal f\u00fcr Werkstatt, Service-Center &amp; mobile Eins\u00e4tze<\/p>\n<\/li>\n<li data-start=\"1682\" data-end=\"1729\">\n<p data-start=\"1684\" data-end=\"1729\">\u2705 Automatische Spannungsanpassung 110\u2013220 V<\/p>\n<\/li>\n<\/ul>","protected":false},"excerpt":{"rendered":"<p data-start=\"166\" data-end=\"454\">Das CARROT Side Edge ist ein kompaktes, professionelles Kantensch\u00e4rfger\u00e4t f\u00fcr die pr\u00e4zise Seitenkantenbearbeitung von Ski und Snowboards. Ideal f\u00fcr Werkstatt, Rennservice und ambitionierte Hobbysportler. Dank 110\u2013220 V automatischer Spannungsanpassung weltweit einsetzbar.<\/p>\n<p data-start=\"456\" data-end=\"544\">\u2714 Professionelle Ergebnisse<br data-start=\"483\" data-end=\"486\" \/>\u2714 Extrem mobil im Transportkoffer<br data-start=\"519\" data-end=\"522\" \/>\u2714 Einfache Anwendung<\/p>","protected":false},"featured_media":4187,"template":"","meta":[],"product_brand":[416],"product_cat":[293,481,456],"product_tag":[],"class_list":{"0":"post-4062","1":"product","2":"type-product","3":"status-publish","4":"has-post-thumbnail","6":"product_brand-carrot","7":"product_cat-kanten-waxandtools","8":"product_cat-elektrische-kantengeraete","9":"product_cat-carrot","11":"first","12":"instock","13":"taxable","14":"shipping-taxable","15":"purchasable","16":"product-type-simple"},"acf":[],"_links":{"self":[{"href":"https:\/\/heba-sport-tec.ch\/fr\/wp-json\/wp\/v2\/product\/4062","targetHints":{"allow":["GET"]}}],"collection":[{"href":"https:\/\/heba-sport-tec.ch\/fr\/wp-json\/wp\/v2\/product"}],"about":[{"href":"https:\/\/heba-sport-tec.ch\/fr\/wp-json\/wp\/v2\/types\/product"}],"wp:featuredmedia":[{"embeddable":true,"href":"https:\/\/heba-sport-tec.ch\/fr\/wp-json\/wp\/v2\/media\/4187"}],"wp:attachment":[{"href":"https:\/\/heba-sport-tec.ch\/fr\/wp-json\/wp\/v2\/media?parent=4062"}],"wp:term":[{"taxonomy":"product_brand","embeddable":true,"href":"https:\/\/heba-sport-tec.ch\/fr\/wp-json\/wp\/v2\/product_brand?post=4062"},{"taxonomy":"product_cat","embeddable":true,"href":"https:\/\/heba-sport-tec.ch\/fr\/wp-json\/wp\/v2\/product_cat?post=4062"},{"taxonomy":"product_tag","embeddable":true,"href":"https:\/\/heba-sport-tec.ch\/fr\/wp-json\/wp\/v2\/product_tag?post=4062"}],"curies":[{"name":"wp","href":"https:\/\/api.w.org\/{rel}","templated":true}]}}