{"id":3688,"date":"2025-08-19T11:41:05","date_gmt":"2025-08-19T11:41:05","guid":{"rendered":"https:\/\/heba-sport-tec.ch\/?post_type=product&#038;p=3688"},"modified":"2025-11-19T12:56:07","modified_gmt":"2025-11-19T12:56:07","slug":"profi-skifeile-flash-verchromt","status":"publish","type":"product","link":"https:\/\/heba-sport-tec.ch\/fr\/produit\/profi-skifeile-flash-verchromt\/","title":{"rendered":"Profi-Skifeile Flash unverchromt"},"content":{"rendered":"<p><\/p>\n\n\n\n<p><\/p>","protected":false},"excerpt":{"rendered":"<p>Ihre Pr\u00e4zision und Leistung machen icecut\u00a0<\/p>\n<p>Skifeilen zu einem Ma\u00dfstab in der Weltspitze. Ihr gleichm\u00e4\u00dfiges, gleichm\u00e4\u00dfiges Schleifen sch\u00e4rft Ihre Kanten pr\u00e4zise. * Hieb: 13 (Bastard) &#8211; 16 (2. Hieb) * Swiss Made\u00a0<\/p>","protected":false},"featured_media":3695,"template":"","meta":[],"product_brand":[382],"product_cat":[284,293,296,467],"product_tag":[],"class_list":{"0":"post-3688","1":"product","2":"type-product","3":"status-publish","4":"has-post-thumbnail","6":"product_brand-icecut","7":"product_cat-waxandtools","8":"product_cat-kanten-waxandtools","9":"product_cat-feilen-kanten-waxandtools","10":"product_cat-icecut","12":"first","13":"instock","14":"sale","15":"taxable","16":"shipping-taxable","17":"purchasable","18":"product-type-simple"},"acf":[],"_links":{"self":[{"href":"https:\/\/heba-sport-tec.ch\/fr\/wp-json\/wp\/v2\/product\/3688","targetHints":{"allow":["GET"]}}],"collection":[{"href":"https:\/\/heba-sport-tec.ch\/fr\/wp-json\/wp\/v2\/product"}],"about":[{"href":"https:\/\/heba-sport-tec.ch\/fr\/wp-json\/wp\/v2\/types\/product"}],"wp:featuredmedia":[{"embeddable":true,"href":"https:\/\/heba-sport-tec.ch\/fr\/wp-json\/wp\/v2\/media\/3695"}],"wp:attachment":[{"href":"https:\/\/heba-sport-tec.ch\/fr\/wp-json\/wp\/v2\/media?parent=3688"}],"wp:term":[{"taxonomy":"product_brand","embeddable":true,"href":"https:\/\/heba-sport-tec.ch\/fr\/wp-json\/wp\/v2\/product_brand?post=3688"},{"taxonomy":"product_cat","embeddable":true,"href":"https:\/\/heba-sport-tec.ch\/fr\/wp-json\/wp\/v2\/product_cat?post=3688"},{"taxonomy":"product_tag","embeddable":true,"href":"https:\/\/heba-sport-tec.ch\/fr\/wp-json\/wp\/v2\/product_tag?post=3688"}],"curies":[{"name":"wp","href":"https:\/\/api.w.org\/{rel}","templated":true}]}}