{"id":3137,"date":"2025-08-18T17:52:40","date_gmt":"2025-08-18T17:52:40","guid":{"rendered":"https:\/\/heba-sport-tec.ch\/produkt\/snoli-arbeitsschuerze-rot\/"},"modified":"2025-11-19T12:56:04","modified_gmt":"2025-11-19T12:56:04","slug":"snoli-arbeitsschuerze-rot","status":"publish","type":"product","link":"https:\/\/heba-sport-tec.ch\/fr\/produit\/snoli-arbeitsschuerze-rot\/","title":{"rendered":"SNOLI Arbeitssch\u00fcrze, rot"},"content":{"rendered":"","protected":false},"excerpt":{"rendered":"<p>Eine robuste und attraktive Baumwollsch\u00fcrze, f\u00fcr den Einsatz in der Skiwerkstatt, mit zwei Taschen und extralangen B\u00e4dern<\/p>","protected":false},"featured_media":3354,"template":"","meta":[],"product_brand":[226],"product_cat":[290,475],"product_tag":[],"class_list":{"0":"post-3137","1":"product","2":"type-product","3":"status-publish","4":"has-post-thumbnail","6":"product_brand-snoli","7":"product_cat-zubehoer-werkstatt-waxandtools","8":"product_cat-snoli","10":"first","11":"instock","12":"taxable","13":"shipping-taxable","14":"purchasable","15":"product-type-simple"},"acf":[],"_links":{"self":[{"href":"https:\/\/heba-sport-tec.ch\/fr\/wp-json\/wp\/v2\/product\/3137","targetHints":{"allow":["GET"]}}],"collection":[{"href":"https:\/\/heba-sport-tec.ch\/fr\/wp-json\/wp\/v2\/product"}],"about":[{"href":"https:\/\/heba-sport-tec.ch\/fr\/wp-json\/wp\/v2\/types\/product"}],"wp:featuredmedia":[{"embeddable":true,"href":"https:\/\/heba-sport-tec.ch\/fr\/wp-json\/wp\/v2\/media\/3354"}],"wp:attachment":[{"href":"https:\/\/heba-sport-tec.ch\/fr\/wp-json\/wp\/v2\/media?parent=3137"}],"wp:term":[{"taxonomy":"product_brand","embeddable":true,"href":"https:\/\/heba-sport-tec.ch\/fr\/wp-json\/wp\/v2\/product_brand?post=3137"},{"taxonomy":"product_cat","embeddable":true,"href":"https:\/\/heba-sport-tec.ch\/fr\/wp-json\/wp\/v2\/product_cat?post=3137"},{"taxonomy":"product_tag","embeddable":true,"href":"https:\/\/heba-sport-tec.ch\/fr\/wp-json\/wp\/v2\/product_tag?post=3137"}],"curies":[{"name":"wp","href":"https:\/\/api.w.org\/{rel}","templated":true}]}}