{"id":3097,"date":"2025-08-18T17:52:38","date_gmt":"2025-08-18T17:52:38","guid":{"rendered":"https:\/\/heba-sport-tec.ch\/produkt\/snoli-bindungspfropfen-schwarz-box-a-500-stk\/"},"modified":"2025-12-19T07:16:24","modified_gmt":"2025-12-19T07:16:24","slug":"snoli-bindungspfropfen-schwarz-box-a-500-stk","status":"publish","type":"product","link":"https:\/\/heba-sport-tec.ch\/fr\/produit\/snoli-bindungspfropfen-schwarz-box-a-500-stk\/","title":{"rendered":"SNOLI Bindungspfropfen \u2013 500 &#8211; 1000 St\u00fcck | Verschiedene Farben"},"content":{"rendered":"<p>Die SNOLI Bindungspfropfen sind ein unverzichtbares Verbrauchsmaterial im professionellen Ski- und Snowboardservice. Sie werden verwendet, um nicht mehr ben\u00f6tigte oder falsch gesetzte Bohrl\u00f6cher sauber, sicher und optisch ansprechend zu verschliessen.<\/p>\n<p>Die Pfropfen sch\u00fctzen den Skikern zuverl\u00e4ssig vor Feuchtigkeit, Schmutz und mechanischen Einfl\u00fcssen und sorgen gleichzeitig f\u00fcr ein sauberes Finish. Dank der grossen Farbauswahl k\u00f6nnen die Bindungspfropfen farblich passend zum Ski, zur Bindung oder zur Kundenkennzeichnung eingesetzt werden.<\/p>\n<p>Geliefert in einer praktischen Box mit 500 St\u00fcck, eignen sich die SNOLI Bindungspfropfen perfekt f\u00fcr Werkst\u00e4tten mit hohem Serviceaufkommen.<\/p>\n<p>Ideal f\u00fcr:<\/p>\n<p>Skiservice-Werkst\u00e4tten<\/p>\n<p>Sportfachhandel<\/p>\n<p>Verleihstationen<\/p>\n<p>Renn- und Weltcupservice<\/p>","protected":false},"excerpt":{"rendered":"<p>Die SNOLI Bindungspfropfen dienen zum fachgerechten Verschliessen von Bohrl\u00f6chern bei Ski- und Snowboardbindungen. Erh\u00e4ltlich in zahlreichen Farben, geliefert in der 500-St\u00fcck-Box \u2013 ideal f\u00fcr professionellen Skiservice, Werkstatt und Verleih.<\/p>","protected":false},"featured_media":3357,"template":"","meta":[],"product_brand":[226],"product_cat":[292,475],"product_tag":[],"class_list":{"0":"post-3097","1":"product","2":"type-product","3":"status-publish","4":"has-post-thumbnail","6":"product_brand-snoli","7":"product_cat-propfen","8":"product_cat-snoli","10":"first","11":"instock","12":"taxable","13":"shipping-taxable","14":"purchasable","15":"product-type-variable"},"acf":[],"_links":{"self":[{"href":"https:\/\/heba-sport-tec.ch\/fr\/wp-json\/wp\/v2\/product\/3097","targetHints":{"allow":["GET"]}}],"collection":[{"href":"https:\/\/heba-sport-tec.ch\/fr\/wp-json\/wp\/v2\/product"}],"about":[{"href":"https:\/\/heba-sport-tec.ch\/fr\/wp-json\/wp\/v2\/types\/product"}],"wp:featuredmedia":[{"embeddable":true,"href":"https:\/\/heba-sport-tec.ch\/fr\/wp-json\/wp\/v2\/media\/3357"}],"wp:attachment":[{"href":"https:\/\/heba-sport-tec.ch\/fr\/wp-json\/wp\/v2\/media?parent=3097"}],"wp:term":[{"taxonomy":"product_brand","embeddable":true,"href":"https:\/\/heba-sport-tec.ch\/fr\/wp-json\/wp\/v2\/product_brand?post=3097"},{"taxonomy":"product_cat","embeddable":true,"href":"https:\/\/heba-sport-tec.ch\/fr\/wp-json\/wp\/v2\/product_cat?post=3097"},{"taxonomy":"product_tag","embeddable":true,"href":"https:\/\/heba-sport-tec.ch\/fr\/wp-json\/wp\/v2\/product_tag?post=3097"}],"curies":[{"name":"wp","href":"https:\/\/api.w.org\/{rel}","templated":true}]}}