{"id":2601,"date":"2025-06-05T01:24:00","date_gmt":"2025-06-05T01:24:00","guid":{"rendered":"https:\/\/heba-sport-tec.ch\/produkt\/fein-ascm-18-qsw-select-4-gang-akku-bohrschrauber-mit-2-li-ionen-akkus-18v3ah-und-schnellladegraet\/"},"modified":"2025-11-19T12:56:02","modified_gmt":"2025-11-19T12:56:02","slug":"fein-ascm-18-qsw-select-4-gang-akku-bohrschrauber-mit-2-li-ionen-akkus-18v3ah-und-schnellladegraet","status":"publish","type":"product","link":"https:\/\/heba-sport-tec.ch\/fr\/produit\/fein-ascm-18-qsw-select-4-gang-akku-bohrschrauber-mit-2-li-ionen-akkus-18v3ah-und-schnellladegraet\/","title":{"rendered":"FEIN ASCM 18 QSW Select 4-Gang Akku-Bohrschrauber mit 2 Li-Ionen Akkus 18V3Ah und Schnellladegr\u00e4t"},"content":{"rendered":"","protected":false},"excerpt":{"rendered":"<p>FEIN ASCM 18 QSW Select<br \/>\nKleiner und leichter 4-Gang Akku-Bohrschrauber mit b\u00fcrstenlosem Motor und QuickIN Schnittstelle. Perfekt geeignet f\u00fcr universelles Bohren und Schrauben bis 8 mm mit<br \/>\nmit 2 Li-Ionen Akkus 189V 3AH, Schnellladeger\u00e4t ALG 80BC im Kunststoff-Werkzeugkoffer<\/p>\n<p>Details:<br \/>\nB\u00fcrstenloser FEIN PowerDrive Motor mit 30 % h\u00f6herem Wirkungsgrad und langer Lebensdauer<br \/>\n4-Gang Vollmetall-Getriebe. Optimale Schnittgeschindigkeiten f\u00fcr Bohren in Metall und selbstbohrende Schrauben.<br \/>\nIm 4. Gang optimale Drehzahlen (2 500 1\/min.) f\u00fcr Durchmesser bis 6 mm.<br \/>\nHohe Drehmomente bis 40 Nm. Mechanische Drehmomenteinstellung.<br \/>\nEin Ladeger\u00e4t f\u00fcr alle FEIN Li-Ion Akkus aller Spannungsklassen. Der Akku-Ladestand ist direkt am Akku ablesbar.<br \/>\nSchmales Griffma\u00df<br \/>\nKompakte und leichte Bauweise<br \/>\nFlexibilit\u00e4t mit der FEIN MultiVolt Schnittstelle. Maschine ist mit allen FEIN Li-Ionen Akkus (12 bis 18 Volt) betreibbar.<br \/>\nFEIN SaftyCell Technology. Sch\u00fctzt den Akku und die Maschine vor \u00dcberlastung, \u00dcberhitzung und Tiefentladung.<br \/>\nG\u00fcrtel-Clip<br \/>\nGewicht ohne Akku: 1,2 kg<\/p>","protected":false},"featured_media":961,"template":"","meta":[],"product_brand":[226],"product_cat":[381,475],"product_tag":[],"class_list":{"0":"post-2601","1":"product","2":"type-product","3":"status-publish","4":"has-post-thumbnail","6":"product_brand-snoli","7":"product_cat-akkubohrer-werkstatt-waxandtools","8":"product_cat-snoli","10":"first","11":"instock","12":"taxable","13":"shipping-taxable","14":"purchasable","15":"product-type-simple"},"acf":[],"_links":{"self":[{"href":"https:\/\/heba-sport-tec.ch\/fr\/wp-json\/wp\/v2\/product\/2601","targetHints":{"allow":["GET"]}}],"collection":[{"href":"https:\/\/heba-sport-tec.ch\/fr\/wp-json\/wp\/v2\/product"}],"about":[{"href":"https:\/\/heba-sport-tec.ch\/fr\/wp-json\/wp\/v2\/types\/product"}],"wp:featuredmedia":[{"embeddable":true,"href":"https:\/\/heba-sport-tec.ch\/fr\/wp-json\/wp\/v2\/media\/961"}],"wp:attachment":[{"href":"https:\/\/heba-sport-tec.ch\/fr\/wp-json\/wp\/v2\/media?parent=2601"}],"wp:term":[{"taxonomy":"product_brand","embeddable":true,"href":"https:\/\/heba-sport-tec.ch\/fr\/wp-json\/wp\/v2\/product_brand?post=2601"},{"taxonomy":"product_cat","embeddable":true,"href":"https:\/\/heba-sport-tec.ch\/fr\/wp-json\/wp\/v2\/product_cat?post=2601"},{"taxonomy":"product_tag","embeddable":true,"href":"https:\/\/heba-sport-tec.ch\/fr\/wp-json\/wp\/v2\/product_tag?post=2601"}],"curies":[{"name":"wp","href":"https:\/\/api.w.org\/{rel}","templated":true}]}}