{"id":2600,"date":"2025-06-05T01:24:00","date_gmt":"2025-06-05T01:24:00","guid":{"rendered":"https:\/\/heba-sport-tec.ch\/produkt\/tasche-fuer-ski-service-tisch-kl1070-rot\/"},"modified":"2025-11-19T12:56:02","modified_gmt":"2025-11-19T12:56:02","slug":"tasche-fuer-ski-service-tisch-kl1070-rot","status":"publish","type":"product","link":"https:\/\/heba-sport-tec.ch\/fr\/produit\/tasche-fuer-ski-service-tisch-kl1070-rot\/","title":{"rendered":"Tasche f\u00fcr Ski-Service Tisch KL1070, rot"},"content":{"rendered":"","protected":false},"excerpt":{"rendered":"<p>Robuste, wasserabweisende, gef\u00fctterte Tasche, f\u00fcr Tisch und Zubeh\u00f6r, 135 x 58 cm, 8,50 kg<\/p>","protected":false},"featured_media":1001,"template":"","meta":[],"product_brand":[226],"product_cat":[368,475],"product_tag":[],"class_list":{"0":"post-2600","1":"product","2":"type-product","3":"status-publish","4":"has-post-thumbnail","6":"product_brand-snoli","7":"product_cat-servicetisch-werkstatt-waxandtools","8":"product_cat-snoli","10":"first","11":"instock","12":"taxable","13":"shipping-taxable","14":"purchasable","15":"product-type-simple"},"acf":[],"_links":{"self":[{"href":"https:\/\/heba-sport-tec.ch\/fr\/wp-json\/wp\/v2\/product\/2600","targetHints":{"allow":["GET"]}}],"collection":[{"href":"https:\/\/heba-sport-tec.ch\/fr\/wp-json\/wp\/v2\/product"}],"about":[{"href":"https:\/\/heba-sport-tec.ch\/fr\/wp-json\/wp\/v2\/types\/product"}],"wp:featuredmedia":[{"embeddable":true,"href":"https:\/\/heba-sport-tec.ch\/fr\/wp-json\/wp\/v2\/media\/1001"}],"wp:attachment":[{"href":"https:\/\/heba-sport-tec.ch\/fr\/wp-json\/wp\/v2\/media?parent=2600"}],"wp:term":[{"taxonomy":"product_brand","embeddable":true,"href":"https:\/\/heba-sport-tec.ch\/fr\/wp-json\/wp\/v2\/product_brand?post=2600"},{"taxonomy":"product_cat","embeddable":true,"href":"https:\/\/heba-sport-tec.ch\/fr\/wp-json\/wp\/v2\/product_cat?post=2600"},{"taxonomy":"product_tag","embeddable":true,"href":"https:\/\/heba-sport-tec.ch\/fr\/wp-json\/wp\/v2\/product_tag?post=2600"}],"curies":[{"name":"wp","href":"https:\/\/api.w.org\/{rel}","templated":true}]}}