{"id":2590,"date":"2025-06-05T01:23:59","date_gmt":"2025-06-05T01:23:59","guid":{"rendered":"https:\/\/heba-sport-tec.ch\/produkt\/snoli-world-cup-profi-side-cut-mit-hartmetall-seitenwangenmesser-rechteckig-mit-schraege-und-radius\/"},"modified":"2025-11-19T12:56:02","modified_gmt":"2025-11-19T12:56:02","slug":"snoli-world-cup-profi-side-cut-mit-hartmetall-seitenwangenmesser-rechteckig-mit-schraege-und-radius","status":"publish","type":"product","link":"https:\/\/heba-sport-tec.ch\/fr\/produit\/snoli-world-cup-profi-side-cut-mit-hartmetall-seitenwangenmesser-rechteckig-mit-schraege-und-radius\/","title":{"rendered":"SNOLI World Cup Profi Side Cut mit Hartmetall-Seitenwangenmesser rechteckig mit Schr\u00e4ge und Radius"},"content":{"rendered":"","protected":false},"excerpt":{"rendered":"<p>Weltcup Profi Seitenwangenschneider f\u00fcr h\u00f6chste Anspr\u00fcche, zur Bearbeiten der Seitenwange mit mehreren Einstellm\u00f6glichkeiten, inkl. einem eckigen Hartmetall-Messer mit Schr\u00e4ge und Radius 3mm.<\/p>","protected":false},"featured_media":764,"template":"","meta":[],"product_brand":[226],"product_cat":[352,475],"product_tag":[],"class_list":{"0":"post-2590","1":"product","2":"type-product","3":"status-publish","4":"has-post-thumbnail","6":"product_brand-snoli","7":"product_cat-seitenwangen","8":"product_cat-snoli","10":"first","11":"instock","12":"taxable","13":"shipping-taxable","14":"purchasable","15":"product-type-simple"},"acf":[],"_links":{"self":[{"href":"https:\/\/heba-sport-tec.ch\/fr\/wp-json\/wp\/v2\/product\/2590","targetHints":{"allow":["GET"]}}],"collection":[{"href":"https:\/\/heba-sport-tec.ch\/fr\/wp-json\/wp\/v2\/product"}],"about":[{"href":"https:\/\/heba-sport-tec.ch\/fr\/wp-json\/wp\/v2\/types\/product"}],"wp:featuredmedia":[{"embeddable":true,"href":"https:\/\/heba-sport-tec.ch\/fr\/wp-json\/wp\/v2\/media\/764"}],"wp:attachment":[{"href":"https:\/\/heba-sport-tec.ch\/fr\/wp-json\/wp\/v2\/media?parent=2590"}],"wp:term":[{"taxonomy":"product_brand","embeddable":true,"href":"https:\/\/heba-sport-tec.ch\/fr\/wp-json\/wp\/v2\/product_brand?post=2590"},{"taxonomy":"product_cat","embeddable":true,"href":"https:\/\/heba-sport-tec.ch\/fr\/wp-json\/wp\/v2\/product_cat?post=2590"},{"taxonomy":"product_tag","embeddable":true,"href":"https:\/\/heba-sport-tec.ch\/fr\/wp-json\/wp\/v2\/product_tag?post=2590"}],"curies":[{"name":"wp","href":"https:\/\/api.w.org\/{rel}","templated":true}]}}