{"id":2585,"date":"2025-06-05T01:23:58","date_gmt":"2025-06-05T01:23:58","guid":{"rendered":"https:\/\/heba-sport-tec.ch\/produkt\/snoli-nylon-rotorbuerste-mit-wechselsystem\/"},"modified":"2025-11-19T12:56:02","modified_gmt":"2025-11-19T12:56:02","slug":"snoli-nylon-rotorbuerste-mit-wechselsystem","status":"publish","type":"product","link":"https:\/\/heba-sport-tec.ch\/fr\/produit\/snoli-nylon-rotorbuerste-mit-wechselsystem\/","title":{"rendered":"SNOLI Nylon Rotorb\u00fcrste mit Wechselsystem"},"content":{"rendered":"","protected":false},"excerpt":{"rendered":"<p>SNOLI Nylon Rotorb\u00fcrste mit Wechselsystem<\/p>\n<p>Die Nylon Rotorb\u00fcrste ist eine weiche Nylonb\u00fcrste zum Auspolieren nach dem Wachsen und zum abschlie\u00dfenden Finishen. F\u00fcr alle, die hohe Anspr\u00fcche an ihre Ausr\u00fcstung haben und ihre Ski abschlie\u00dfend f\u00fcr einen glatten und gl\u00e4nzenden Belag polieren m\u00f6chten, ist die weiche Nylonb\u00fcrste ideal.<\/p>\n<p>Breite 110 mm<\/p>","protected":false},"featured_media":799,"template":"","meta":[],"product_brand":[226],"product_cat":[369,475],"product_tag":[],"class_list":{"0":"post-2585","1":"product","2":"type-product","3":"status-publish","4":"has-post-thumbnail","6":"product_brand-snoli","7":"product_cat-buersten-belag-waxandtools","8":"product_cat-snoli","10":"first","11":"instock","12":"taxable","13":"shipping-taxable","14":"purchasable","15":"product-type-simple"},"acf":[],"_links":{"self":[{"href":"https:\/\/heba-sport-tec.ch\/fr\/wp-json\/wp\/v2\/product\/2585","targetHints":{"allow":["GET"]}}],"collection":[{"href":"https:\/\/heba-sport-tec.ch\/fr\/wp-json\/wp\/v2\/product"}],"about":[{"href":"https:\/\/heba-sport-tec.ch\/fr\/wp-json\/wp\/v2\/types\/product"}],"wp:featuredmedia":[{"embeddable":true,"href":"https:\/\/heba-sport-tec.ch\/fr\/wp-json\/wp\/v2\/media\/799"}],"wp:attachment":[{"href":"https:\/\/heba-sport-tec.ch\/fr\/wp-json\/wp\/v2\/media?parent=2585"}],"wp:term":[{"taxonomy":"product_brand","embeddable":true,"href":"https:\/\/heba-sport-tec.ch\/fr\/wp-json\/wp\/v2\/product_brand?post=2585"},{"taxonomy":"product_cat","embeddable":true,"href":"https:\/\/heba-sport-tec.ch\/fr\/wp-json\/wp\/v2\/product_cat?post=2585"},{"taxonomy":"product_tag","embeddable":true,"href":"https:\/\/heba-sport-tec.ch\/fr\/wp-json\/wp\/v2\/product_tag?post=2585"}],"curies":[{"name":"wp","href":"https:\/\/api.w.org\/{rel}","templated":true}]}}