{"id":2530,"date":"2025-06-05T01:23:54","date_gmt":"2025-06-05T01:23:54","guid":{"rendered":"https:\/\/heba-sport-tec.ch\/produkt\/snoli-unterkanten-feilenfuehrung-variabel\/"},"modified":"2025-11-19T12:56:00","modified_gmt":"2025-11-19T12:56:00","slug":"snoli-unterkanten-feilenfuehrung-variabel","status":"publish","type":"product","link":"https:\/\/heba-sport-tec.ch\/fr\/produit\/snoli-unterkanten-feilenfuehrung-variabel\/","title":{"rendered":"SNOLI Unterkanten Feilenf\u00fchrung variabel"},"content":{"rendered":"","protected":false},"excerpt":{"rendered":"<p>Unterkanten Feilenf\u00fchrung, verstellbar f\u00fcr das belagseitige Einschleifen 0,5\u00b0 bis 1,5\u00b0<\/p>","protected":false},"featured_media":947,"template":"","meta":[],"product_brand":[226],"product_cat":[353,475],"product_tag":[],"class_list":{"0":"post-2530","1":"product","2":"type-product","3":"status-publish","4":"has-post-thumbnail","6":"product_brand-snoli","7":"product_cat-feilenhalter-kanten-waxandtools","8":"product_cat-snoli","10":"first","11":"instock","12":"taxable","13":"shipping-taxable","14":"purchasable","15":"product-type-simple"},"acf":[],"_links":{"self":[{"href":"https:\/\/heba-sport-tec.ch\/fr\/wp-json\/wp\/v2\/product\/2530","targetHints":{"allow":["GET"]}}],"collection":[{"href":"https:\/\/heba-sport-tec.ch\/fr\/wp-json\/wp\/v2\/product"}],"about":[{"href":"https:\/\/heba-sport-tec.ch\/fr\/wp-json\/wp\/v2\/types\/product"}],"wp:featuredmedia":[{"embeddable":true,"href":"https:\/\/heba-sport-tec.ch\/fr\/wp-json\/wp\/v2\/media\/947"}],"wp:attachment":[{"href":"https:\/\/heba-sport-tec.ch\/fr\/wp-json\/wp\/v2\/media?parent=2530"}],"wp:term":[{"taxonomy":"product_brand","embeddable":true,"href":"https:\/\/heba-sport-tec.ch\/fr\/wp-json\/wp\/v2\/product_brand?post=2530"},{"taxonomy":"product_cat","embeddable":true,"href":"https:\/\/heba-sport-tec.ch\/fr\/wp-json\/wp\/v2\/product_cat?post=2530"},{"taxonomy":"product_tag","embeddable":true,"href":"https:\/\/heba-sport-tec.ch\/fr\/wp-json\/wp\/v2\/product_tag?post=2530"}],"curies":[{"name":"wp","href":"https:\/\/api.w.org\/{rel}","templated":true}]}}