{"id":2445,"date":"2025-06-05T01:23:46","date_gmt":"2025-06-05T01:23:46","guid":{"rendered":"https:\/\/heba-sport-tec.ch\/produkt\/snoli-wachsbuerste-nylon\/"},"modified":"2025-11-19T12:55:58","modified_gmt":"2025-11-19T12:55:58","slug":"snoli-wachsbuerste-nylon","status":"publish","type":"product","link":"https:\/\/heba-sport-tec.ch\/fr\/produit\/snoli-wachsbuerste-nylon\/","title":{"rendered":"SNOLI Wachsb\u00fcrste Nylon"},"content":{"rendered":"","protected":false},"excerpt":{"rendered":"<p>Universalb\u00fcrste, harte Nylonb\u00fcrste f\u00fcr eine perfekte Wachsstrukturierung, auch zum B\u00fcrsten frisch gewachserter Bel\u00e4ge.<\/p>\n<p>Breite 120 mm<\/p>","protected":false},"featured_media":803,"template":"","meta":[],"product_brand":[226],"product_cat":[307,475],"product_tag":[],"class_list":{"0":"post-2445","1":"product","2":"type-product","3":"status-publish","4":"has-post-thumbnail","6":"product_brand-snoli","7":"product_cat-buersten-rechteckig-buersten-belag-waxandtools","8":"product_cat-snoli","10":"first","11":"instock","12":"taxable","13":"shipping-taxable","14":"purchasable","15":"product-type-simple"},"acf":[],"_links":{"self":[{"href":"https:\/\/heba-sport-tec.ch\/fr\/wp-json\/wp\/v2\/product\/2445","targetHints":{"allow":["GET"]}}],"collection":[{"href":"https:\/\/heba-sport-tec.ch\/fr\/wp-json\/wp\/v2\/product"}],"about":[{"href":"https:\/\/heba-sport-tec.ch\/fr\/wp-json\/wp\/v2\/types\/product"}],"wp:featuredmedia":[{"embeddable":true,"href":"https:\/\/heba-sport-tec.ch\/fr\/wp-json\/wp\/v2\/media\/803"}],"wp:attachment":[{"href":"https:\/\/heba-sport-tec.ch\/fr\/wp-json\/wp\/v2\/media?parent=2445"}],"wp:term":[{"taxonomy":"product_brand","embeddable":true,"href":"https:\/\/heba-sport-tec.ch\/fr\/wp-json\/wp\/v2\/product_brand?post=2445"},{"taxonomy":"product_cat","embeddable":true,"href":"https:\/\/heba-sport-tec.ch\/fr\/wp-json\/wp\/v2\/product_cat?post=2445"},{"taxonomy":"product_tag","embeddable":true,"href":"https:\/\/heba-sport-tec.ch\/fr\/wp-json\/wp\/v2\/product_tag?post=2445"}],"curies":[{"name":"wp","href":"https:\/\/api.w.org\/{rel}","templated":true}]}}