{"id":2373,"date":"2025-06-05T01:08:55","date_gmt":"2025-06-05T01:08:55","guid":{"rendered":"https:\/\/heba-sport-tec.ch\/produkt\/syntec-ff1-powder-red\/"},"modified":"2025-11-19T12:55:57","modified_gmt":"2025-11-19T12:55:57","slug":"syntec-ff1-powder-red","status":"publish","type":"product","link":"https:\/\/heba-sport-tec.ch\/fr\/produit\/syntec-ff1-powder-red\/","title":{"rendered":"Syntec FF1 Powder Red"},"content":{"rendered":"<p>30g<\/p>","protected":false},"excerpt":{"rendered":"<p>&#8220;Syntec FF1 Powder YLW<br \/>\nFluorfreies Hochleistungs-Finish-Pulver.<br \/>\n\u2013 Erf\u00fcllt s\u00e4mtliche Regularien der internationalen Skiverb\u00e4nde<br \/>\n\u2013   F\u00fcr fein bis groben sowie nassen Schnee<br \/>\n\u2013   F\u00fcr Schneetemperaturen von 0\u00b0 bis -4\u00b0C<br \/>\n\u2013   Erh\u00f6ht Geschwindigkeit und Beschleunigungsverm\u00f6gen<br \/>\n\u2013   Sehr hohe Abriebfestigkeit auch bei l\u00e4ngerer Distanz                                                         \u2013   Hohe Schmutzabweisung<br \/>\n\u2013  B\u00fcgeltemperatur 150-160\u00b0C&#8221;<\/p>","protected":false},"featured_media":394,"template":"","meta":[],"product_brand":[248],"product_cat":[344,466],"product_tag":[],"class_list":{"0":"post-2373","1":"product","2":"type-product","3":"status-publish","4":"has-post-thumbnail","6":"product_brand-holmenkol","7":"product_cat-world-cup-wax-waxandtools","8":"product_cat-holmenkol","10":"first","11":"instock","12":"taxable","13":"shipping-taxable","14":"purchasable","15":"product-type-simple"},"acf":[],"_links":{"self":[{"href":"https:\/\/heba-sport-tec.ch\/fr\/wp-json\/wp\/v2\/product\/2373","targetHints":{"allow":["GET"]}}],"collection":[{"href":"https:\/\/heba-sport-tec.ch\/fr\/wp-json\/wp\/v2\/product"}],"about":[{"href":"https:\/\/heba-sport-tec.ch\/fr\/wp-json\/wp\/v2\/types\/product"}],"wp:featuredmedia":[{"embeddable":true,"href":"https:\/\/heba-sport-tec.ch\/fr\/wp-json\/wp\/v2\/media\/394"}],"wp:attachment":[{"href":"https:\/\/heba-sport-tec.ch\/fr\/wp-json\/wp\/v2\/media?parent=2373"}],"wp:term":[{"taxonomy":"product_brand","embeddable":true,"href":"https:\/\/heba-sport-tec.ch\/fr\/wp-json\/wp\/v2\/product_brand?post=2373"},{"taxonomy":"product_cat","embeddable":true,"href":"https:\/\/heba-sport-tec.ch\/fr\/wp-json\/wp\/v2\/product_cat?post=2373"},{"taxonomy":"product_tag","embeddable":true,"href":"https:\/\/heba-sport-tec.ch\/fr\/wp-json\/wp\/v2\/product_tag?post=2373"}],"curies":[{"name":"wp","href":"https:\/\/api.w.org\/{rel}","templated":true}]}}