{"id":2310,"date":"2025-06-05T01:08:51","date_gmt":"2025-06-05T01:08:51","guid":{"rendered":"https:\/\/heba-sport-tec.ch\/produkt\/touring-ski-vise-centerpiece\/"},"modified":"2025-11-19T12:55:55","modified_gmt":"2025-11-19T12:55:55","slug":"touring-ski-vise-centerpiece","status":"publish","type":"product","link":"https:\/\/heba-sport-tec.ch\/fr\/produit\/touring-ski-vise-centerpiece\/","title":{"rendered":"Touring Ski Vise Centerpiece"},"content":{"rendered":"","protected":false},"excerpt":{"rendered":"<p>Touring Ski Vise Centerpiece<br \/>\nMittelteil zur stabilen Fixierung von Tourenski<br \/>\nmit Pin-Bindungen.<br \/>\n\u2013  Bindung wird direkt am Mittelteil fixiert &#8211;<br \/>\n schnelles Click-In-System<br \/>\n\u2013  Skipr\u00e4paration ohne verrutschen m\u00f6glich<br \/>\n\u2013  Kompatibel mit den \u00e4u\u00dferen Auflagefl\u00e4chen<br \/>\n von Skispannern<br \/>\n\u2013  Aus hochwertigem Kunststoff<\/p>","protected":false},"featured_media":480,"template":"","meta":[],"product_brand":[248],"product_cat":[295,466],"product_tag":[],"class_list":{"0":"post-2310","1":"product","2":"type-product","3":"status-publish","4":"has-post-thumbnail","6":"product_brand-holmenkol","7":"product_cat-skisnowboard-halter-werkstatt-waxandtools","8":"product_cat-holmenkol","10":"first","11":"instock","12":"taxable","13":"shipping-taxable","14":"purchasable","15":"product-type-simple"},"acf":[],"_links":{"self":[{"href":"https:\/\/heba-sport-tec.ch\/fr\/wp-json\/wp\/v2\/product\/2310","targetHints":{"allow":["GET"]}}],"collection":[{"href":"https:\/\/heba-sport-tec.ch\/fr\/wp-json\/wp\/v2\/product"}],"about":[{"href":"https:\/\/heba-sport-tec.ch\/fr\/wp-json\/wp\/v2\/types\/product"}],"wp:featuredmedia":[{"embeddable":true,"href":"https:\/\/heba-sport-tec.ch\/fr\/wp-json\/wp\/v2\/media\/480"}],"wp:attachment":[{"href":"https:\/\/heba-sport-tec.ch\/fr\/wp-json\/wp\/v2\/media?parent=2310"}],"wp:term":[{"taxonomy":"product_brand","embeddable":true,"href":"https:\/\/heba-sport-tec.ch\/fr\/wp-json\/wp\/v2\/product_brand?post=2310"},{"taxonomy":"product_cat","embeddable":true,"href":"https:\/\/heba-sport-tec.ch\/fr\/wp-json\/wp\/v2\/product_cat?post=2310"},{"taxonomy":"product_tag","embeddable":true,"href":"https:\/\/heba-sport-tec.ch\/fr\/wp-json\/wp\/v2\/product_tag?post=2310"}],"curies":[{"name":"wp","href":"https:\/\/api.w.org\/{rel}","templated":true}]}}