{"id":2291,"date":"2025-06-05T01:08:50","date_gmt":"2025-06-05T01:08:50","guid":{"rendered":"https:\/\/heba-sport-tec.ch\/produkt\/syntec-ff-21-bar\/"},"modified":"2025-11-19T12:55:55","modified_gmt":"2025-11-19T12:55:55","slug":"syntec-ff-21-bar","status":"publish","type":"product","link":"https:\/\/heba-sport-tec.ch\/fr\/produit\/syntec-ff-21-bar\/","title":{"rendered":"Syntec FF 21 Bar"},"content":{"rendered":"<p>2x35g<\/p>","protected":false},"excerpt":{"rendered":"<p>Syntec FF 21 Bar<br \/>\nFluorfreies Hochleistungs-Basiswachs f\u00fcr Ski Alpin, Ski Nordisch und Skispringen.<br \/>\n\u2013  Neue fluorfreie Hochleistungsrezeptur<br \/>\n\u2013  Erf\u00fcllt s\u00e4mtliche Regularien der internationalen Skiverb\u00e4nde<br \/>\n\u2013  F\u00fcr Schneetemperaturen\u00a0von\u00a0\u00ad0\u2009\u00b0\u00a0bis\u00a0\u00ad-20 \u00b0C                                                                        \u2013  Hohe Abriebfestigkeit<br \/>\n\u2013  Geringe Schmutzaufnahme<br \/>\n\u2013  Breiter Einsatzbereich<br \/>\n\u2013  B\u00fcgeltemperatur 140\u2009~150\u2009\u00b0C<\/p>","protected":false},"featured_media":382,"template":"","meta":[],"product_brand":[248],"product_cat":[364,466],"product_tag":[],"class_list":{"0":"post-2291","1":"product","2":"type-product","3":"status-publish","4":"has-post-thumbnail","6":"product_brand-holmenkol","7":"product_cat-performance-wax-waxandtools","8":"product_cat-holmenkol","10":"first","11":"instock","12":"taxable","13":"shipping-taxable","14":"purchasable","15":"product-type-simple"},"acf":[],"_links":{"self":[{"href":"https:\/\/heba-sport-tec.ch\/fr\/wp-json\/wp\/v2\/product\/2291","targetHints":{"allow":["GET"]}}],"collection":[{"href":"https:\/\/heba-sport-tec.ch\/fr\/wp-json\/wp\/v2\/product"}],"about":[{"href":"https:\/\/heba-sport-tec.ch\/fr\/wp-json\/wp\/v2\/types\/product"}],"wp:featuredmedia":[{"embeddable":true,"href":"https:\/\/heba-sport-tec.ch\/fr\/wp-json\/wp\/v2\/media\/382"}],"wp:attachment":[{"href":"https:\/\/heba-sport-tec.ch\/fr\/wp-json\/wp\/v2\/media?parent=2291"}],"wp:term":[{"taxonomy":"product_brand","embeddable":true,"href":"https:\/\/heba-sport-tec.ch\/fr\/wp-json\/wp\/v2\/product_brand?post=2291"},{"taxonomy":"product_cat","embeddable":true,"href":"https:\/\/heba-sport-tec.ch\/fr\/wp-json\/wp\/v2\/product_cat?post=2291"},{"taxonomy":"product_tag","embeddable":true,"href":"https:\/\/heba-sport-tec.ch\/fr\/wp-json\/wp\/v2\/product_tag?post=2291"}],"curies":[{"name":"wp","href":"https:\/\/api.w.org\/{rel}","templated":true}]}}