{"id":2281,"date":"2025-06-05T01:08:49","date_gmt":"2025-06-05T01:08:49","guid":{"rendered":"https:\/\/heba-sport-tec.ch\/produkt\/bike-wall-mount\/"},"modified":"2025-11-19T12:55:55","modified_gmt":"2025-11-19T12:55:55","slug":"bike-wall-mount","status":"publish","type":"product","link":"https:\/\/heba-sport-tec.ch\/fr\/produit\/bike-wall-mount\/","title":{"rendered":"Bike Wall Mount"},"content":{"rendered":"","protected":false},"excerpt":{"rendered":"<p>Bike Wandhalterung<br \/>\nFahrrad Wandhalterung<br \/>\nUniversal-Fahrradhalter zur Pedalaufh\u00e4ngung<br \/>\nPlatzsparende Fahrrad-Aufbewahrung parallel zur Wand<br \/>\nGeeignet f\u00fcr alle g\u00e4ngigen Fahrrad- und Pedaltypen<br \/>\nLeichte, hochstabile Aluminiumkonstruktion,<br \/>\npulverbeschichtet<br \/>\nBis 30 kg Traglast<br \/>\nLieferumfang: 1x Pedalaufh\u00e4ngung, 2x St\u00fctzwinkel, Schrauben und hochwertige Markend\u00fcbel<\/p>","protected":false},"featured_media":575,"template":"","meta":[],"product_brand":[248],"product_cat":[327,466],"product_tag":[],"class_list":{"0":"post-2281","1":"product","2":"type-product","3":"status-publish","4":"has-post-thumbnail","6":"product_brand-holmenkol","7":"product_cat-zubehoer-bike-pflegeundreinigung","8":"product_cat-holmenkol","10":"first","11":"instock","12":"taxable","13":"shipping-taxable","14":"purchasable","15":"product-type-simple"},"acf":[],"_links":{"self":[{"href":"https:\/\/heba-sport-tec.ch\/fr\/wp-json\/wp\/v2\/product\/2281","targetHints":{"allow":["GET"]}}],"collection":[{"href":"https:\/\/heba-sport-tec.ch\/fr\/wp-json\/wp\/v2\/product"}],"about":[{"href":"https:\/\/heba-sport-tec.ch\/fr\/wp-json\/wp\/v2\/types\/product"}],"wp:featuredmedia":[{"embeddable":true,"href":"https:\/\/heba-sport-tec.ch\/fr\/wp-json\/wp\/v2\/media\/575"}],"wp:attachment":[{"href":"https:\/\/heba-sport-tec.ch\/fr\/wp-json\/wp\/v2\/media?parent=2281"}],"wp:term":[{"taxonomy":"product_brand","embeddable":true,"href":"https:\/\/heba-sport-tec.ch\/fr\/wp-json\/wp\/v2\/product_brand?post=2281"},{"taxonomy":"product_cat","embeddable":true,"href":"https:\/\/heba-sport-tec.ch\/fr\/wp-json\/wp\/v2\/product_cat?post=2281"},{"taxonomy":"product_tag","embeddable":true,"href":"https:\/\/heba-sport-tec.ch\/fr\/wp-json\/wp\/v2\/product_tag?post=2281"}],"curies":[{"name":"wp","href":"https:\/\/api.w.org\/{rel}","templated":true}]}}