{"id":2277,"date":"2025-06-05T01:08:49","date_gmt":"2025-06-05T01:08:49","guid":{"rendered":"https:\/\/heba-sport-tec.ch\/produkt\/adapter-lang-240mm\/"},"modified":"2025-11-19T12:55:55","modified_gmt":"2025-11-19T12:55:55","slug":"adapter-lang-240mm","status":"publish","type":"product","link":"https:\/\/heba-sport-tec.ch\/fr\/produit\/adapter-lang-240mm\/","title":{"rendered":"Adapter lang 240mm"},"content":{"rendered":"","protected":false},"excerpt":{"rendered":"<p>Adapter lang<br \/>\nAchse in Metallausf\u00fchrung 240 mm, passend f\u00fcr f\u00fcr alle HOLMENKOL Shields und SpeedBrushes. Die ideale Snowboard L\u00f6sung.<\/p>","protected":false},"featured_media":641,"template":"","meta":[],"product_brand":[248],"product_cat":[369,466],"product_tag":[],"class_list":{"0":"post-2277","1":"product","2":"type-product","3":"status-publish","4":"has-post-thumbnail","6":"product_brand-holmenkol","7":"product_cat-buersten-belag-waxandtools","8":"product_cat-holmenkol","10":"first","11":"instock","12":"taxable","13":"shipping-taxable","14":"purchasable","15":"product-type-simple"},"acf":[],"_links":{"self":[{"href":"https:\/\/heba-sport-tec.ch\/fr\/wp-json\/wp\/v2\/product\/2277","targetHints":{"allow":["GET"]}}],"collection":[{"href":"https:\/\/heba-sport-tec.ch\/fr\/wp-json\/wp\/v2\/product"}],"about":[{"href":"https:\/\/heba-sport-tec.ch\/fr\/wp-json\/wp\/v2\/types\/product"}],"wp:featuredmedia":[{"embeddable":true,"href":"https:\/\/heba-sport-tec.ch\/fr\/wp-json\/wp\/v2\/media\/641"}],"wp:attachment":[{"href":"https:\/\/heba-sport-tec.ch\/fr\/wp-json\/wp\/v2\/media?parent=2277"}],"wp:term":[{"taxonomy":"product_brand","embeddable":true,"href":"https:\/\/heba-sport-tec.ch\/fr\/wp-json\/wp\/v2\/product_brand?post=2277"},{"taxonomy":"product_cat","embeddable":true,"href":"https:\/\/heba-sport-tec.ch\/fr\/wp-json\/wp\/v2\/product_cat?post=2277"},{"taxonomy":"product_tag","embeddable":true,"href":"https:\/\/heba-sport-tec.ch\/fr\/wp-json\/wp\/v2\/product_tag?post=2277"}],"curies":[{"name":"wp","href":"https:\/\/api.w.org\/{rel}","templated":true}]}}