{"id":5735,"date":"2025-11-24T22:22:32","date_gmt":"2025-11-24T22:22:32","guid":{"rendered":"https:\/\/heba-sport-tec.ch\/produkt\/specialty-base-prep\/"},"modified":"2025-11-24T23:15:24","modified_gmt":"2025-11-24T23:15:24","slug":"specialty-base-prep","status":"publish","type":"product","link":"https:\/\/heba-sport-tec.ch\/en\/product\/specialty-base-prep\/","title":{"rendered":"SPECIALTY Base Prep"},"content":{"rendered":"<p>Speciality \u2013 Base Prep Wachs Professionelle Belagsvorbereitung f\u00fcr maximale Aufnahme &amp; Gleitperformance Das Speciality Base Prep Wachs wurde speziell f\u00fcr die Vorbereitung neuer oder frisch geschliffener Ski- und Snowboardbel\u00e4ge entwickelt. Es sorgt f\u00fcr eine optimale S\u00e4ttigung des Belags, verbessert die Wachsaufnahme und bildet die perfekte Grundlage f\u00fcr alle weiteren Wachsauftr\u00e4ge. PROPRI\u00c4R &amp; INNOVATIV Gefertigt mit der exklusiven Ceramic Nanotechnology von mountainFLOW \u2013 f\u00fcr tiefes Eindringen in den Belag und maximale Grundperformance. UMWELTSICHER 100 % pflanzenbasiert, fluorfrei und vollst\u00e4ndig biologisch abbaubar. OPTIMIERTE FORMEL Ausgiebig getestet und entwickelt f\u00fcr eine effiziente Belagss\u00e4ttigung, gleichm\u00e4ssige Strukturf\u00fcllung und ideale Basis f\u00fcr Race- und Performance-Wachse.<\/p>","protected":false},"excerpt":{"rendered":"<p>130 Grams<\/p>","protected":false},"featured_media":5809,"template":"","meta":[],"product_brand":[480],"product_cat":[335],"product_tag":[],"class_list":{"0":"post-5735","1":"product","2":"type-product","3":"status-publish","4":"has-post-thumbnail","6":"product_brand-mountain-flow","7":"product_cat-base-wax-wax-waxandtools","9":"first","10":"instock","11":"taxable","12":"shipping-taxable","13":"purchasable","14":"product-type-simple"},"acf":[],"_links":{"self":[{"href":"https:\/\/heba-sport-tec.ch\/en\/wp-json\/wp\/v2\/product\/5735","targetHints":{"allow":["GET"]}}],"collection":[{"href":"https:\/\/heba-sport-tec.ch\/en\/wp-json\/wp\/v2\/product"}],"about":[{"href":"https:\/\/heba-sport-tec.ch\/en\/wp-json\/wp\/v2\/types\/product"}],"wp:featuredmedia":[{"embeddable":true,"href":"https:\/\/heba-sport-tec.ch\/en\/wp-json\/wp\/v2\/media\/5809"}],"wp:attachment":[{"href":"https:\/\/heba-sport-tec.ch\/en\/wp-json\/wp\/v2\/media?parent=5735"}],"wp:term":[{"taxonomy":"product_brand","embeddable":true,"href":"https:\/\/heba-sport-tec.ch\/en\/wp-json\/wp\/v2\/product_brand?post=5735"},{"taxonomy":"product_cat","embeddable":true,"href":"https:\/\/heba-sport-tec.ch\/en\/wp-json\/wp\/v2\/product_cat?post=5735"},{"taxonomy":"product_tag","embeddable":true,"href":"https:\/\/heba-sport-tec.ch\/en\/wp-json\/wp\/v2\/product_tag?post=5735"}],"curies":[{"name":"wp","href":"https:\/\/api.w.org\/{rel}","templated":true}]}}