{"id":4073,"date":"2025-08-19T21:55:49","date_gmt":"2025-08-19T21:55:49","guid":{"rendered":"https:\/\/heba-sport-tec.ch\/produkt\/soezial-spaenematte\/"},"modified":"2025-11-19T12:56:11","modified_gmt":"2025-11-19T12:56:11","slug":"soezial-spaenematte","status":"publish","type":"product","link":"https:\/\/heba-sport-tec.ch\/en\/product\/soezial-spaenematte\/","title":{"rendered":"Extra feine Steinwolle 0000 f\u00fcr Skiservice &#038; Belagreparatur-Pistolen | D\u00fcsenreiniger"},"content":{"rendered":"<p data-start=\"280\" data-end=\"577\">Unsere extra feine Steinwolle (K\u00f6rnung 0000) ist ideal zur schonenden Reinigung von Belagreparatur-Pistolen, insbesondere der D\u00fcsen- und Kopfbereiche. Sie entfernt m\u00fchelos R\u00fcckst\u00e4nde von P-Tex, verbranntem Belagmaterial und Schmutz, ohne die Metalloberfl\u00e4chen zu besch\u00e4digen.<\/p>\n<p data-start=\"579\" data-end=\"697\">Perfekt geeignet f\u00fcr Werkst\u00e4tten, Skiservicebetriebe und alle, die Wert auf saubere, pr\u00e4zise Belagreparaturen legen.<\/p>\n<p data-start=\"699\" data-end=\"714\"><strong data-start=\"699\" data-end=\"712\">Vorteile:<\/strong><\/p>\n<ul data-start=\"715\" data-end=\"984\">\n<li data-start=\"715\" data-end=\"770\">\n<p data-start=\"717\" data-end=\"770\">Extra feine Qualit\u00e4t (0000) f\u00fcr schonendes Reinigen<\/p>\n<\/li>\n<li data-start=\"771\" data-end=\"819\">\n<p data-start=\"773\" data-end=\"819\">Entfernt effektiv verbrannte Belagr\u00fcckst\u00e4nde<\/p>\n<\/li>\n<li data-start=\"820\" data-end=\"857\">\n<p data-start=\"822\" data-end=\"857\">Keine Kratzer oder Materialabtrag<\/p>\n<\/li>\n<li data-start=\"858\" data-end=\"890\">\n<p data-start=\"860\" data-end=\"890\">Langlebig und hitzebest\u00e4ndig<\/p>\n<\/li>\n<li data-start=\"891\" data-end=\"984\">\n<p data-start=\"893\" data-end=\"984\">Ideal f\u00fcr alle g\u00e4ngigen Belagreparatur-Pistolen (z. B. Wintersteiger, Montana, Reichmann, Chatex, B\u00fchnen)<\/p>\n<\/li>\n<\/ul>\n<h3 data-start=\"937\" data-end=\"959\">Anwendungstipp:<\/h3>\n<ol data-start=\"960\" data-end=\"1277\">\n<li data-start=\"960\" data-end=\"1007\">\n<p data-start=\"963\" data-end=\"1007\">Ger\u00e4t ausschalten und <strong data-start=\"985\" data-end=\"1005\">abk\u00fchlen lassen.<\/strong><\/p>\n<\/li>\n<li data-start=\"1008\" data-end=\"1074\">\n<p data-start=\"1011\" data-end=\"1074\">Spitze leicht mit <strong data-start=\"1029\" data-end=\"1044\">Isopropanol<\/strong> oder <strong data-start=\"1050\" data-end=\"1060\">Aceton<\/strong> anfeuchten.<\/p>\n<\/li>\n<li data-start=\"1075\" data-end=\"1185\">\n<p data-start=\"1078\" data-end=\"1185\">Mit <strong data-start=\"1082\" data-end=\"1119\">kleinem St\u00fcck feiner Wolle (0000)<\/strong> vorsichtig reinigen, bis kein verbranntes Material mehr haftet.<\/p>\n<\/li>\n<li data-start=\"1186\" data-end=\"1277\">\n<p data-start=\"1189\" data-end=\"1277\">Keine grobe Wolle verwenden \u2192 sonst Gefahr von Kratzern oder Besch\u00e4digungen an der D\u00fcse.<\/p>\n<\/li>\n<\/ol>","protected":false},"excerpt":{"rendered":"<p>Extra Fein 0000<\/p>\n<p>2 Pads<\/p>","protected":false},"featured_media":5445,"template":"","meta":[],"product_brand":[387],"product_cat":[383,469],"product_tag":[],"class_list":{"0":"post-4073","1":"product","2":"type-product","3":"status-publish","4":"has-post-thumbnail","6":"product_brand-kt-technic","7":"product_cat-stanzen-belag-waxandtools","8":"product_cat-kt-technic","10":"first","11":"instock","12":"taxable","13":"shipping-taxable","14":"purchasable","15":"product-type-simple"},"acf":[],"_links":{"self":[{"href":"https:\/\/heba-sport-tec.ch\/en\/wp-json\/wp\/v2\/product\/4073","targetHints":{"allow":["GET"]}}],"collection":[{"href":"https:\/\/heba-sport-tec.ch\/en\/wp-json\/wp\/v2\/product"}],"about":[{"href":"https:\/\/heba-sport-tec.ch\/en\/wp-json\/wp\/v2\/types\/product"}],"wp:featuredmedia":[{"embeddable":true,"href":"https:\/\/heba-sport-tec.ch\/en\/wp-json\/wp\/v2\/media\/5445"}],"wp:attachment":[{"href":"https:\/\/heba-sport-tec.ch\/en\/wp-json\/wp\/v2\/media?parent=4073"}],"wp:term":[{"taxonomy":"product_brand","embeddable":true,"href":"https:\/\/heba-sport-tec.ch\/en\/wp-json\/wp\/v2\/product_brand?post=4073"},{"taxonomy":"product_cat","embeddable":true,"href":"https:\/\/heba-sport-tec.ch\/en\/wp-json\/wp\/v2\/product_cat?post=4073"},{"taxonomy":"product_tag","embeddable":true,"href":"https:\/\/heba-sport-tec.ch\/en\/wp-json\/wp\/v2\/product_tag?post=4073"}],"curies":[{"name":"wp","href":"https:\/\/api.w.org\/{rel}","templated":true}]}}